{"id":3044,"date":"2022-02-11T10:14:38","date_gmt":"2022-02-11T09:14:38","guid":{"rendered":"https:\/\/www.thelanguageacademy.nl\/?page_id=3044"},"modified":"2022-10-13T14:21:47","modified_gmt":"2022-10-13T12:21:47","slug":"lecons-de-conversation-en-neerlandais","status":"publish","type":"page","link":"https:\/\/test.thelanguageacademy.nl\/fr\/lecons-de-conversation-en-neerlandais\/","title":{"rendered":"Le\u00e7ons de conversation en n\u00e9erlandais"},"content":{"rendered":"<p><span style=\"color: #800000;\"><strong>Combinez les avantages d\u2019un apprentissage autonome avec des le\u00e7ons de conversation en n\u00e9erlandais en ligne, donn\u00e9es par des professeurs de langue exp\u00e9riment\u00e9s <\/strong><\/span><span style=\"color: #000000;\"><a style=\"color: #000000;\" href=\"https:\/\/www.thelanguageacademy.nl\/fr\/propos-de-language-academy\/\" target=\"_blank\" rel=\"noopener noreferrer\"><strong>d\u2019UvA Talen<\/strong><\/a><\/span><span style=\"color: #800000;\"><strong>. Avec un professeur, vous mettez directement en pratique les mots et les phrases que vous avez appris pendant votre cours de n\u00e9erlandais en ligne.<\/strong><\/span><\/p>\n<p><strong>Cours en ligne de n\u00e9erlandais<\/strong><br \/>\nVous suivez le cours de n\u00e9erlandais en ligne en 11 le\u00e7ons dynamiques : \u00e0 votre propre rythme, o\u00f9 et quand vous le souhaitez. Vous apprenez de nouveaux mots et de nouvelles notions de grammaire tout en exer\u00e7ant vos comp\u00e9tences de lecture, votre expression \u00e9crite et votre prononciation. Vous vous exercez \u00e9galement \u00e0 former des phrases.<\/p>\n<p><strong>En combinaison avec des cours de conversation en n\u00e9erlandais sur mesure<\/strong><br \/>\nLes conversations individuelles sont le moyen id\u00e9al pour pratiquer votre expression orale. Les cours de conversation en n\u00e9erlandais niveau d\u00e9butants mettent l\u2019accent sur la prononciation des sons et des mots. Vous apprenez \u00e0 prononcer des phrases courtes et \u00e0 r\u00e9pondre \u00e0 des questions simples. Vous pouvez par exemple vous exercer \u00e0 vous pr\u00e9senter, \u00e0 passer des commandes au restaurant et \u00e0 \u00e9voquer votre travail et vos loisirs.<\/p>\n<p>\u00c0 partir du niveau B1, l\u2019accent est mis sur des conversations plus \u00e9toff\u00e9es. Outre des phrases plus complexes, vous apprenez, par exemple, \u00e0 mener une conversation t\u00e9l\u00e9phonique ou un entretien d\u2019embauche. Vous \u00eates libre d\u2019indiquer ce que vous souhaitez exercer plus particuli\u00e8rement pendant les le\u00e7ons de conversation en ligne. Le professeur est \u00e0 votre \u00e9coute et adapte les le\u00e7ons en fonction de vos souhaits.<\/p>\n<p><strong>5 ou 10 le\u00e7ons de conversation de n\u00e9erlandais<\/strong><br \/>\nVous pouvez choisir une formule de 5 ou 10 le\u00e7ons particuli\u00e8res de n\u00e9erlandais en combinaison avec un cours en ligne de 6 ou 12 mois. Les le\u00e7ons durent une heure et sont donn\u00e9es par le biais d\u2019une plateforme num\u00e9rique (\u00e0 d\u00e9terminer en concertation).<\/p>\n<p><strong>Planification flexible<\/strong><br \/>\nNous planifions les le\u00e7ons de conversation en n\u00e9erlandais en concertation avec vous et le professeur. Les le\u00e7ons peuvent \u00eatre planifi\u00e9es pendant la dur\u00e9e de votre cours de n\u00e9erlandais (6 ou 12 mois).<\/p>\n<p><strong>Inscription<\/strong><br \/>\nCliquez ci-contre sur le cours de n\u00e9erlandais de votre choix et inscrivez-vous directement ! Vous avez des doutes quant \u00e0 votre niveau ? Sur chaque page de cours se trouve un lien vers une version de d\u00e9monstration du cours en question.<\/p>\n<p><strong>Des questions ?<\/strong><br \/>\nVous avez des questions ? <a href=\"https:\/\/www.thelanguageacademy.nl\/fr\/contact\/formulaire-de-contact\/\">Contactez-nous<\/a> pour en savoir plus.<\/p>\n","protected":false},"excerpt":{"rendered":"<p>Combinez les avantages d\u2019un apprentissage autonome avec des le\u00e7ons de conversation en n\u00e9erlandais en ligne, donn\u00e9es par des professeurs de langue exp\u00e9riment\u00e9s d\u2019UvA Talen. Avec un professeur, vous mettez directement en pratique les mots et les phrases que vous avez appris pendant votre cours de n\u00e9erlandais en ligne. Cours en ligne de n\u00e9erlandais Vous suivez [&hellip;]<\/p>\n","protected":false},"author":4,"featured_media":4303,"parent":0,"menu_order":0,"comment_status":"closed","ping_status":"closed","template":"template-online-teacher.php","meta":[],"acf":[],"yoast_head":"<!-- This site is optimized with the Yoast SEO plugin v21.1 - https:\/\/yoast.com\/wordpress\/plugins\/seo\/ -->\n<title>Le\u00e7ons de conversation en n\u00e9erlandais - The Language Academy<\/title>\n<meta name=\"description\" content=\"Combinez votre cours en ligne de n\u00e9erlandais avec les cours de conversation d\u2019un professeur. \u00c0 votre rythme et selon vos centres d\u2019int\u00e9r\u00eat.\" \/>\n<meta name=\"robots\" content=\"index, follow, max-snippet:-1, max-image-preview:large, max-video-preview:-1\" \/>\n<link rel=\"canonical\" href=\"https:\/\/test.thelanguageacademy.nl\/fr\/lecons-de-conversation-en-neerlandais\/\" \/>\n<meta property=\"og:locale\" content=\"fr_FR\" \/>\n<meta property=\"og:type\" content=\"article\" \/>\n<meta property=\"og:title\" content=\"Le\u00e7ons de conversation en n\u00e9erlandais - The Language Academy\" \/>\n<meta property=\"og:description\" content=\"Combinez votre cours en ligne de n\u00e9erlandais avec les cours de conversation d\u2019un professeur. \u00c0 votre rythme et selon vos centres d\u2019int\u00e9r\u00eat.\" \/>\n<meta property=\"og:url\" content=\"https:\/\/test.thelanguageacademy.nl\/fr\/lecons-de-conversation-en-neerlandais\/\" \/>\n<meta property=\"og:site_name\" content=\"The Language Academy\" \/>\n<meta property=\"article:modified_time\" content=\"2022-10-13T12:21:47+00:00\" \/>\n<meta property=\"og:image\" content=\"https:\/\/www.thelanguageacademy.nl\/CookieTest\/wp-content\/uploads\/2022\/11\/UvA_TLA_DEF_4K_CLEAN-0-00-24-22-1-scaled.jpg\" \/>\n\t<meta property=\"og:image:width\" content=\"2560\" \/>\n\t<meta property=\"og:image:height\" content=\"1037\" \/>\n\t<meta property=\"og:image:type\" content=\"image\/jpeg\" \/>\n<meta name=\"twitter:card\" content=\"summary_large_image\" \/>\n<meta name=\"twitter:label1\" content=\"Dur\u00e9e de lecture estim\u00e9e\" \/>\n\t<meta name=\"twitter:data1\" content=\"2 minutes\" \/>\n<script type=\"application\/ld+json\" class=\"yoast-schema-graph\">{\"@context\":\"https:\/\/schema.org\",\"@graph\":[{\"@type\":\"WebPage\",\"@id\":\"https:\/\/test.thelanguageacademy.nl\/fr\/lecons-de-conversation-en-neerlandais\/\",\"url\":\"https:\/\/test.thelanguageacademy.nl\/fr\/lecons-de-conversation-en-neerlandais\/\",\"name\":\"Le\u00e7ons de conversation en n\u00e9erlandais - The Language Academy\",\"isPartOf\":{\"@id\":\"https:\/\/test.thelanguageacademy.nl\/fr\/#website\"},\"datePublished\":\"2022-02-11T09:14:38+00:00\",\"dateModified\":\"2022-10-13T12:21:47+00:00\",\"description\":\"Combinez votre cours en ligne de n\u00e9erlandais avec les cours de conversation d\u2019un professeur. \u00c0 votre rythme et selon vos centres d\u2019int\u00e9r\u00eat.\",\"breadcrumb\":{\"@id\":\"https:\/\/test.thelanguageacademy.nl\/fr\/lecons-de-conversation-en-neerlandais\/#breadcrumb\"},\"inLanguage\":\"fr-FR\",\"potentialAction\":[{\"@type\":\"ReadAction\",\"target\":[\"https:\/\/test.thelanguageacademy.nl\/fr\/lecons-de-conversation-en-neerlandais\/\"]}]},{\"@type\":\"BreadcrumbList\",\"@id\":\"https:\/\/test.thelanguageacademy.nl\/fr\/lecons-de-conversation-en-neerlandais\/#breadcrumb\",\"itemListElement\":[{\"@type\":\"ListItem\",\"position\":1,\"name\":\"Home\",\"item\":\"https:\/\/test.thelanguageacademy.nl\/fr\/\"},{\"@type\":\"ListItem\",\"position\":2,\"name\":\"Le\u00e7ons de conversation en n\u00e9erlandais\"}]},{\"@type\":\"WebSite\",\"@id\":\"https:\/\/test.thelanguageacademy.nl\/fr\/#website\",\"url\":\"https:\/\/test.thelanguageacademy.nl\/fr\/\",\"name\":\"The Language Academy\",\"description\":\"elearning\",\"potentialAction\":[{\"@type\":\"SearchAction\",\"target\":{\"@type\":\"EntryPoint\",\"urlTemplate\":\"https:\/\/test.thelanguageacademy.nl\/fr\/?s={search_term_string}\"},\"query-input\":\"required name=search_term_string\"}],\"inLanguage\":\"fr-FR\"}]}<\/script>\n<!-- \/ Yoast SEO plugin. -->","yoast_head_json":{"title":"Le\u00e7ons de conversation en n\u00e9erlandais - The Language Academy","description":"Combinez votre cours en ligne de n\u00e9erlandais avec les cours de conversation d\u2019un professeur. \u00c0 votre rythme et selon vos centres d\u2019int\u00e9r\u00eat.","robots":{"index":"index","follow":"follow","max-snippet":"max-snippet:-1","max-image-preview":"max-image-preview:large","max-video-preview":"max-video-preview:-1"},"canonical":"https:\/\/test.thelanguageacademy.nl\/fr\/lecons-de-conversation-en-neerlandais\/","og_locale":"fr_FR","og_type":"article","og_title":"Le\u00e7ons de conversation en n\u00e9erlandais - The Language Academy","og_description":"Combinez votre cours en ligne de n\u00e9erlandais avec les cours de conversation d\u2019un professeur. \u00c0 votre rythme et selon vos centres d\u2019int\u00e9r\u00eat.","og_url":"https:\/\/test.thelanguageacademy.nl\/fr\/lecons-de-conversation-en-neerlandais\/","og_site_name":"The Language Academy","article_modified_time":"2022-10-13T12:21:47+00:00","og_image":[{"width":2560,"height":1037,"url":"https:\/\/www.thelanguageacademy.nl\/CookieTest\/wp-content\/uploads\/2022\/11\/UvA_TLA_DEF_4K_CLEAN-0-00-24-22-1-scaled.jpg","type":"image\/jpeg"}],"twitter_card":"summary_large_image","twitter_misc":{"Dur\u00e9e de lecture estim\u00e9e":"2 minutes"},"schema":{"@context":"https:\/\/schema.org","@graph":[{"@type":"WebPage","@id":"https:\/\/test.thelanguageacademy.nl\/fr\/lecons-de-conversation-en-neerlandais\/","url":"https:\/\/test.thelanguageacademy.nl\/fr\/lecons-de-conversation-en-neerlandais\/","name":"Le\u00e7ons de conversation en n\u00e9erlandais - The Language Academy","isPartOf":{"@id":"https:\/\/test.thelanguageacademy.nl\/fr\/#website"},"datePublished":"2022-02-11T09:14:38+00:00","dateModified":"2022-10-13T12:21:47+00:00","description":"Combinez votre cours en ligne de n\u00e9erlandais avec les cours de conversation d\u2019un professeur. \u00c0 votre rythme et selon vos centres d\u2019int\u00e9r\u00eat.","breadcrumb":{"@id":"https:\/\/test.thelanguageacademy.nl\/fr\/lecons-de-conversation-en-neerlandais\/#breadcrumb"},"inLanguage":"fr-FR","potentialAction":[{"@type":"ReadAction","target":["https:\/\/test.thelanguageacademy.nl\/fr\/lecons-de-conversation-en-neerlandais\/"]}]},{"@type":"BreadcrumbList","@id":"https:\/\/test.thelanguageacademy.nl\/fr\/lecons-de-conversation-en-neerlandais\/#breadcrumb","itemListElement":[{"@type":"ListItem","position":1,"name":"Home","item":"https:\/\/test.thelanguageacademy.nl\/fr\/"},{"@type":"ListItem","position":2,"name":"Le\u00e7ons de conversation en n\u00e9erlandais"}]},{"@type":"WebSite","@id":"https:\/\/test.thelanguageacademy.nl\/fr\/#website","url":"https:\/\/test.thelanguageacademy.nl\/fr\/","name":"The Language Academy","description":"elearning","potentialAction":[{"@type":"SearchAction","target":{"@type":"EntryPoint","urlTemplate":"https:\/\/test.thelanguageacademy.nl\/fr\/?s={search_term_string}"},"query-input":"required name=search_term_string"}],"inLanguage":"fr-FR"}]}},"_links":{"self":[{"href":"https:\/\/test.thelanguageacademy.nl\/fr\/wp-json\/wp\/v2\/pages\/3044"}],"collection":[{"href":"https:\/\/test.thelanguageacademy.nl\/fr\/wp-json\/wp\/v2\/pages"}],"about":[{"href":"https:\/\/test.thelanguageacademy.nl\/fr\/wp-json\/wp\/v2\/types\/page"}],"author":[{"embeddable":true,"href":"https:\/\/test.thelanguageacademy.nl\/fr\/wp-json\/wp\/v2\/users\/4"}],"replies":[{"embeddable":true,"href":"https:\/\/test.thelanguageacademy.nl\/fr\/wp-json\/wp\/v2\/comments?post=3044"}],"version-history":[{"count":14,"href":"https:\/\/test.thelanguageacademy.nl\/fr\/wp-json\/wp\/v2\/pages\/3044\/revisions"}],"predecessor-version":[{"id":4138,"href":"https:\/\/test.thelanguageacademy.nl\/fr\/wp-json\/wp\/v2\/pages\/3044\/revisions\/4138"}],"wp:featuredmedia":[{"embeddable":true,"href":"https:\/\/test.thelanguageacademy.nl\/fr\/wp-json\/wp\/v2\/media\/4303"}],"wp:attachment":[{"href":"https:\/\/test.thelanguageacademy.nl\/fr\/wp-json\/wp\/v2\/media?parent=3044"}],"curies":[{"name":"wp","href":"https:\/\/api.w.org\/{rel}","templated":true}]}}