{"id":1058,"date":"2018-06-13T16:38:03","date_gmt":"2018-06-13T14:38:03","guid":{"rendered":"https:\/\/www.thelanguageacademy.nl\/?page_id=1058"},"modified":"2018-06-15T15:44:13","modified_gmt":"2018-06-15T13:44:13","slug":"1058-2","status":"publish","type":"page","link":"https:\/\/test.thelanguageacademy.nl\/fr\/","title":{"rendered":""},"content":{"rendered":"","protected":false},"excerpt":{"rendered":"","protected":false},"author":4,"featured_media":1061,"parent":0,"menu_order":0,"comment_status":"closed","ping_status":"closed","template":"template-homepage.php","meta":[],"acf":[],"yoast_head":"<!-- This site is optimized with the Yoast SEO plugin v21.1 - https:\/\/yoast.com\/wordpress\/plugins\/seo\/ -->\n<title>The Language Academy - Cours de langues en ligne<\/title>\n<meta name=\"description\" content=\"Apprendre une langue en ligne ? The Language Academy est faite pour vous ! Vous apprenez \u00e0 un niveau \u00e9lev\u00e9 dans un environnement didactique virtuel dynamique .\" \/>\n<meta name=\"robots\" content=\"index, follow, max-snippet:-1, max-image-preview:large, max-video-preview:-1\" \/>\n<link rel=\"canonical\" href=\"https:\/\/test.thelanguageacademy.nl\/fr\/\" \/>\n<meta property=\"og:locale\" content=\"fr_FR\" \/>\n<meta property=\"og:type\" content=\"article\" \/>\n<meta property=\"og:title\" content=\"The Language Academy - Cours de langues en ligne\" \/>\n<meta property=\"og:description\" content=\"Apprendre une langue en ligne ? The Language Academy est faite pour vous ! Vous apprenez \u00e0 un niveau \u00e9lev\u00e9 dans un environnement didactique virtuel dynamique .\" \/>\n<meta property=\"og:url\" content=\"https:\/\/test.thelanguageacademy.nl\/fr\/\" \/>\n<meta property=\"og:site_name\" content=\"The Language Academy\" \/>\n<meta property=\"article:modified_time\" content=\"2018-06-15T13:44:13+00:00\" \/>\n<meta property=\"og:image\" content=\"https:\/\/www.thelanguageacademy.nl\/CookieTest\/wp-content\/uploads\/2018\/04\/frontpage-02-e1617978486988.jpg\" \/>\n\t<meta property=\"og:image:width\" content=\"2200\" \/>\n\t<meta property=\"og:image:height\" content=\"1238\" \/>\n\t<meta property=\"og:image:type\" content=\"image\/jpeg\" \/>\n<meta name=\"twitter:card\" content=\"summary_large_image\" \/>\n<script type=\"application\/ld+json\" class=\"yoast-schema-graph\">{\"@context\":\"https:\/\/schema.org\",\"@graph\":[{\"@type\":\"WebPage\",\"@id\":\"https:\/\/test.thelanguageacademy.nl\/fr\/\",\"url\":\"https:\/\/test.thelanguageacademy.nl\/fr\/\",\"name\":\"The Language Academy - Cours de langues en ligne\",\"isPartOf\":{\"@id\":\"https:\/\/test.thelanguageacademy.nl\/fr\/#website\"},\"datePublished\":\"2018-06-13T14:38:03+00:00\",\"dateModified\":\"2018-06-15T13:44:13+00:00\",\"description\":\"Apprendre une langue en ligne ? The Language Academy est faite pour vous ! Vous apprenez \u00e0 un niveau \u00e9lev\u00e9 dans un environnement didactique virtuel dynamique .\",\"inLanguage\":\"fr-FR\",\"potentialAction\":[{\"@type\":\"ReadAction\",\"target\":[\"https:\/\/test.thelanguageacademy.nl\/fr\/\"]}]},{\"@type\":\"WebSite\",\"@id\":\"https:\/\/test.thelanguageacademy.nl\/fr\/#website\",\"url\":\"https:\/\/test.thelanguageacademy.nl\/fr\/\",\"name\":\"The Language Academy\",\"description\":\"elearning\",\"potentialAction\":[{\"@type\":\"SearchAction\",\"target\":{\"@type\":\"EntryPoint\",\"urlTemplate\":\"https:\/\/test.thelanguageacademy.nl\/fr\/?s={search_term_string}\"},\"query-input\":\"required name=search_term_string\"}],\"inLanguage\":\"fr-FR\"}]}<\/script>\n<!-- \/ Yoast SEO plugin. -->","yoast_head_json":{"title":"The Language Academy - Cours de langues en ligne","description":"Apprendre une langue en ligne ? The Language Academy est faite pour vous ! Vous apprenez \u00e0 un niveau \u00e9lev\u00e9 dans un environnement didactique virtuel dynamique .","robots":{"index":"index","follow":"follow","max-snippet":"max-snippet:-1","max-image-preview":"max-image-preview:large","max-video-preview":"max-video-preview:-1"},"canonical":"https:\/\/test.thelanguageacademy.nl\/fr\/","og_locale":"fr_FR","og_type":"article","og_title":"The Language Academy - Cours de langues en ligne","og_description":"Apprendre une langue en ligne ? The Language Academy est faite pour vous ! Vous apprenez \u00e0 un niveau \u00e9lev\u00e9 dans un environnement didactique virtuel dynamique .","og_url":"https:\/\/test.thelanguageacademy.nl\/fr\/","og_site_name":"The Language Academy","article_modified_time":"2018-06-15T13:44:13+00:00","og_image":[{"width":2200,"height":1238,"url":"https:\/\/www.thelanguageacademy.nl\/CookieTest\/wp-content\/uploads\/2018\/04\/frontpage-02-e1617978486988.jpg","type":"image\/jpeg"}],"twitter_card":"summary_large_image","schema":{"@context":"https:\/\/schema.org","@graph":[{"@type":"WebPage","@id":"https:\/\/test.thelanguageacademy.nl\/fr\/","url":"https:\/\/test.thelanguageacademy.nl\/fr\/","name":"The Language Academy - Cours de langues en ligne","isPartOf":{"@id":"https:\/\/test.thelanguageacademy.nl\/fr\/#website"},"datePublished":"2018-06-13T14:38:03+00:00","dateModified":"2018-06-15T13:44:13+00:00","description":"Apprendre une langue en ligne ? The Language Academy est faite pour vous ! Vous apprenez \u00e0 un niveau \u00e9lev\u00e9 dans un environnement didactique virtuel dynamique .","inLanguage":"fr-FR","potentialAction":[{"@type":"ReadAction","target":["https:\/\/test.thelanguageacademy.nl\/fr\/"]}]},{"@type":"WebSite","@id":"https:\/\/test.thelanguageacademy.nl\/fr\/#website","url":"https:\/\/test.thelanguageacademy.nl\/fr\/","name":"The Language Academy","description":"elearning","potentialAction":[{"@type":"SearchAction","target":{"@type":"EntryPoint","urlTemplate":"https:\/\/test.thelanguageacademy.nl\/fr\/?s={search_term_string}"},"query-input":"required name=search_term_string"}],"inLanguage":"fr-FR"}]}},"_links":{"self":[{"href":"https:\/\/test.thelanguageacademy.nl\/fr\/wp-json\/wp\/v2\/pages\/1058"}],"collection":[{"href":"https:\/\/test.thelanguageacademy.nl\/fr\/wp-json\/wp\/v2\/pages"}],"about":[{"href":"https:\/\/test.thelanguageacademy.nl\/fr\/wp-json\/wp\/v2\/types\/page"}],"author":[{"embeddable":true,"href":"https:\/\/test.thelanguageacademy.nl\/fr\/wp-json\/wp\/v2\/users\/4"}],"replies":[{"embeddable":true,"href":"https:\/\/test.thelanguageacademy.nl\/fr\/wp-json\/wp\/v2\/comments?post=1058"}],"version-history":[{"count":2,"href":"https:\/\/test.thelanguageacademy.nl\/fr\/wp-json\/wp\/v2\/pages\/1058\/revisions"}],"predecessor-version":[{"id":1067,"href":"https:\/\/test.thelanguageacademy.nl\/fr\/wp-json\/wp\/v2\/pages\/1058\/revisions\/1067"}],"wp:featuredmedia":[{"embeddable":true,"href":"https:\/\/test.thelanguageacademy.nl\/fr\/wp-json\/wp\/v2\/media\/1061"}],"wp:attachment":[{"href":"https:\/\/test.thelanguageacademy.nl\/fr\/wp-json\/wp\/v2\/media?parent=1058"}],"curies":[{"name":"wp","href":"https:\/\/api.w.org\/{rel}","templated":true}]}}