{"id":465,"date":"2018-03-05T11:38:27","date_gmt":"2018-03-05T10:38:27","guid":{"rendered":"http:\/\/tla.mediapie.nl\/open\/taalnive\/"},"modified":"2021-06-16T14:32:38","modified_gmt":"2021-06-16T12:32:38","slug":"niveles-linguisticos-mcer","status":"publish","type":"page","link":"https:\/\/test.thelanguageacademy.nl\/es\/niveles-linguisticos-mcer\/","title":{"rendered":"Niveles ling\u00fc\u00edsticos"},"content":{"rendered":"<p><strong>Marco com\u00fan europeo de referencia para las lenguas<\/strong><\/p>\n<p>The Language Academy trabaja con un est\u00e1ndar reconocido internacionalmente para determinar el nivel ling\u00fc\u00edstico denominado Marco Com\u00fan Europeo de Referencia. Gracias a esta norma internacional, siempre sabr\u00e1 a qu\u00e9 nivel se refiere el curso de idiomas que realice. El nivel correspondiente se indicar\u00e1 en el certificado.<\/p>\n<p>\u00bfTe preguntas qu\u00e9 nivel es el adecuado para ti? <a href=\"https:\/\/www.thelanguageacademy.nl\/es\/pruebalo-gratis\/\">Prueba de forma gratuita las versiones demo de nuestros cursos<\/a>.<\/p>\n<p>A continuaci\u00f3n se muestra una lista de las competencias que debes dominar en cada nivel.<\/p>\n<p><strong>Nivel A final &#8211; Usuario b\u00e1sico<\/strong><\/p>\n<p>A1<br \/>\nEs capaz de comprender y utilizar expresiones cotidianas de uso muy frecuente, as\u00ed como, frases sencillas destinadas a satisfacer necesidades de tipo inmediato. Puede presentarse a s\u00ed mismo y a otros, pedir y dar informaci\u00f3n personal b\u00e1sica sobre su domicilio, sus pertenencias y las personas que conoce. Puede relacionarse de forma elemental siempre que su interlocutor hable despacio y con claridad y est\u00e9 dispuesto a cooperar.<\/p>\n<p>A2<br \/>\nEs capaz de comprender frases y expresiones de uso frecuente relacionadas con \u00e1reas de experiencia que le son especialmente relevantes (informaci\u00f3n b\u00e1sica sobre s\u00ed mismo y su familia, compras, lugares de inter\u00e9s, ocupaciones, etc.). Sabe comunicarse a la hora de llevar a cabo tareas simples y cotidianas que no requieran m\u00e1s que intercambios sencillos y directos de informaci\u00f3n sobre cuestiones que le son conocidas o habituales.<\/p>\n<p><strong>Nivel B final &#8211; Usuario independiente<\/strong><\/p>\n<p>B1<br \/>\nEs capaz de comprender los puntos principales de textos claros y en lengua est\u00e1ndar si tratan sobre cuestiones que le son conocidas, ya sea en situaciones de trabajo, de estudio o de ocio. Sabe desenvolverse en la mayor parte de las situaciones que pueden surgir durante un viaje por zonas donde se utiliza la lengua. Es capaz de producir textos sencillos y coherentes sobre temas que le son familiares o en los que tiene un inter\u00e9s personal. Puede describir experiencias, acontecimientos, deseos y aspiraciones, as\u00ed como justificar brevemente sus opiniones o explicar sus planes.<\/p>\n<p><em>En The Language Academy, este nivel se divide en dos subniveles: B1.1 (nivel B1 parcial) y B1.2 (nivel B1 completo).<\/em><\/p>\n<p>B2<br \/>\nEs capaz de entender las ideas principales de textos complejos que traten de temas tanto concretos como abstractos, incluso si son de car\u00e1cter t\u00e9cnico, siempre que est\u00e9n dentro de su campo de especializaci\u00f3n. Puede relacionarse con hablantes nativos con un grado suficiente de fluidez y naturalidad, de modo que la comunicaci\u00f3n se realice sin esfuerzo por parte de los interlocutores. Puede producir textos claros y detallados sobre temas diversos, as\u00ed como defender un punto de vista sobre temas generales, indicando los pros y los contras de las distintas opciones.<\/p>\n<p><em>En The Language Academy, este nivel se divide en dos subniveles: B2.1 (nivel B2 parcial) y B2.2 (nivel B2 completo).<\/em><\/p>\n<p>&nbsp;<\/p>\n<p><strong>Nivel C final &#8211; Usuario competente<\/strong><\/p>\n<p>C1<br \/>\nEs capaz de comprender una amplia variedad de textos extensos y con cierto nivel de exigencia, as\u00ed como reconocer en ellos sentidos impl\u00edcitos. Sabe expresarse de forma fluida y espont\u00e1nea sin muestras muy evidentes de esfuerzo para encontrar la expresi\u00f3n adecuada. Puede hacer un uso flexible y efectivo del idioma para fines sociales, acad\u00e9micos y profesionales. Puede producir textos claros, bien estructurados y detallados sobre temas de cierta complejidad, mostrando un uso correcto de los mecanismos de organizaci\u00f3n, articulaci\u00f3n y cohesi\u00f3n del texto.<\/p>\n<p>C2<br \/>\nEs capaz de comprender con facilidad pr\u00e1cticamente todo lo que oye o lee. Sabe reconstruir la informaci\u00f3n y los argumentos procedentes de diversas fuentes, ya sean en lengua hablada o escrita, y presentarlos de manera coherente y resumida. Puede expresarse espont\u00e1neamente, con gran fluidez y con un grado de precisi\u00f3n que le permite diferenciar peque\u00f1os matices de significado incluso en situaciones de mayor complejidad. Este es el nivel de idioma de un hablante nativo altamente capacitado. (En el Marco com\u00fan europeo de referencia no hay m\u00e1s detalles sobre este nivel).<\/p>\n<p><a href=\"https:\/\/www.thelanguageacademy.nl\/es\/cursos-de-idiomas\/\">M\u00e1s informaci\u00f3n sobre los cursos de The Language Academy<\/a>.<\/p>\n","protected":false},"excerpt":{"rendered":"<p>Marco com\u00fan europeo de referencia para las lenguas The Language Academy trabaja con un est\u00e1ndar reconocido internacionalmente para determinar el nivel ling\u00fc\u00edstico denominado Marco Com\u00fan Europeo de Referencia. Gracias a esta norma internacional, siempre sabr\u00e1 a qu\u00e9 nivel se refiere el curso de idiomas que realice. El nivel correspondiente se indicar\u00e1 en el certificado. \u00bfTe [&hellip;]<\/p>\n","protected":false},"author":1,"featured_media":0,"parent":0,"menu_order":0,"comment_status":"closed","ping_status":"closed","template":"template-regularpage.php","meta":[],"acf":[],"yoast_head":"<!-- This site is optimized with the Yoast SEO plugin v21.1 - https:\/\/yoast.com\/wordpress\/plugins\/seo\/ -->\n<title>Niveles ling\u00fc\u00edsticos - The Language Academy<\/title>\n<meta name=\"description\" content=\"The Language Academy trabaja con un est\u00e1ndar reconocido internacionalmente para determinar el nivel ling\u00fc\u00edstico denominado Marco Com\u00fan Europeo de Referencia.\" \/>\n<meta name=\"robots\" content=\"index, follow, max-snippet:-1, max-image-preview:large, max-video-preview:-1\" \/>\n<link rel=\"canonical\" href=\"https:\/\/test.thelanguageacademy.nl\/es\/niveles-linguisticos-mcer\/\" \/>\n<meta property=\"og:locale\" content=\"es_ES\" \/>\n<meta property=\"og:type\" content=\"article\" \/>\n<meta property=\"og:title\" content=\"Niveles ling\u00fc\u00edsticos - The Language Academy\" \/>\n<meta property=\"og:description\" content=\"The Language Academy trabaja con un est\u00e1ndar reconocido internacionalmente para determinar el nivel ling\u00fc\u00edstico denominado Marco Com\u00fan Europeo de Referencia.\" \/>\n<meta property=\"og:url\" content=\"https:\/\/test.thelanguageacademy.nl\/es\/niveles-linguisticos-mcer\/\" \/>\n<meta property=\"og:site_name\" content=\"The Language Academy\" \/>\n<meta property=\"article:modified_time\" content=\"2021-06-16T12:32:38+00:00\" \/>\n<meta name=\"twitter:card\" content=\"summary_large_image\" \/>\n<meta name=\"twitter:label1\" content=\"Tiempo de lectura\" \/>\n\t<meta name=\"twitter:data1\" content=\"3 minutos\" \/>\n<script type=\"application\/ld+json\" class=\"yoast-schema-graph\">{\"@context\":\"https:\/\/schema.org\",\"@graph\":[{\"@type\":\"WebPage\",\"@id\":\"https:\/\/test.thelanguageacademy.nl\/es\/niveles-linguisticos-mcer\/\",\"url\":\"https:\/\/test.thelanguageacademy.nl\/es\/niveles-linguisticos-mcer\/\",\"name\":\"Niveles ling\u00fc\u00edsticos - The Language Academy\",\"isPartOf\":{\"@id\":\"https:\/\/test.thelanguageacademy.nl\/es\/#website\"},\"datePublished\":\"2018-03-05T10:38:27+00:00\",\"dateModified\":\"2021-06-16T12:32:38+00:00\",\"description\":\"The Language Academy trabaja con un est\u00e1ndar reconocido internacionalmente para determinar el nivel ling\u00fc\u00edstico denominado Marco Com\u00fan Europeo de Referencia.\",\"breadcrumb\":{\"@id\":\"https:\/\/test.thelanguageacademy.nl\/es\/niveles-linguisticos-mcer\/#breadcrumb\"},\"inLanguage\":\"es\",\"potentialAction\":[{\"@type\":\"ReadAction\",\"target\":[\"https:\/\/test.thelanguageacademy.nl\/es\/niveles-linguisticos-mcer\/\"]}]},{\"@type\":\"BreadcrumbList\",\"@id\":\"https:\/\/test.thelanguageacademy.nl\/es\/niveles-linguisticos-mcer\/#breadcrumb\",\"itemListElement\":[{\"@type\":\"ListItem\",\"position\":1,\"name\":\"Home\",\"item\":\"https:\/\/test.thelanguageacademy.nl\/es\/\"},{\"@type\":\"ListItem\",\"position\":2,\"name\":\"Niveles ling\u00fc\u00edsticos\"}]},{\"@type\":\"WebSite\",\"@id\":\"https:\/\/test.thelanguageacademy.nl\/es\/#website\",\"url\":\"https:\/\/test.thelanguageacademy.nl\/es\/\",\"name\":\"The Language Academy\",\"description\":\"elearning\",\"potentialAction\":[{\"@type\":\"SearchAction\",\"target\":{\"@type\":\"EntryPoint\",\"urlTemplate\":\"https:\/\/test.thelanguageacademy.nl\/es\/?s={search_term_string}\"},\"query-input\":\"required name=search_term_string\"}],\"inLanguage\":\"es\"}]}<\/script>\n<!-- \/ Yoast SEO plugin. -->","yoast_head_json":{"title":"Niveles ling\u00fc\u00edsticos - The Language Academy","description":"The Language Academy trabaja con un est\u00e1ndar reconocido internacionalmente para determinar el nivel ling\u00fc\u00edstico denominado Marco Com\u00fan Europeo de Referencia.","robots":{"index":"index","follow":"follow","max-snippet":"max-snippet:-1","max-image-preview":"max-image-preview:large","max-video-preview":"max-video-preview:-1"},"canonical":"https:\/\/test.thelanguageacademy.nl\/es\/niveles-linguisticos-mcer\/","og_locale":"es_ES","og_type":"article","og_title":"Niveles ling\u00fc\u00edsticos - The Language Academy","og_description":"The Language Academy trabaja con un est\u00e1ndar reconocido internacionalmente para determinar el nivel ling\u00fc\u00edstico denominado Marco Com\u00fan Europeo de Referencia.","og_url":"https:\/\/test.thelanguageacademy.nl\/es\/niveles-linguisticos-mcer\/","og_site_name":"The Language Academy","article_modified_time":"2021-06-16T12:32:38+00:00","twitter_card":"summary_large_image","twitter_misc":{"Tiempo de lectura":"3 minutos"},"schema":{"@context":"https:\/\/schema.org","@graph":[{"@type":"WebPage","@id":"https:\/\/test.thelanguageacademy.nl\/es\/niveles-linguisticos-mcer\/","url":"https:\/\/test.thelanguageacademy.nl\/es\/niveles-linguisticos-mcer\/","name":"Niveles ling\u00fc\u00edsticos - The Language Academy","isPartOf":{"@id":"https:\/\/test.thelanguageacademy.nl\/es\/#website"},"datePublished":"2018-03-05T10:38:27+00:00","dateModified":"2021-06-16T12:32:38+00:00","description":"The Language Academy trabaja con un est\u00e1ndar reconocido internacionalmente para determinar el nivel ling\u00fc\u00edstico denominado Marco Com\u00fan Europeo de Referencia.","breadcrumb":{"@id":"https:\/\/test.thelanguageacademy.nl\/es\/niveles-linguisticos-mcer\/#breadcrumb"},"inLanguage":"es","potentialAction":[{"@type":"ReadAction","target":["https:\/\/test.thelanguageacademy.nl\/es\/niveles-linguisticos-mcer\/"]}]},{"@type":"BreadcrumbList","@id":"https:\/\/test.thelanguageacademy.nl\/es\/niveles-linguisticos-mcer\/#breadcrumb","itemListElement":[{"@type":"ListItem","position":1,"name":"Home","item":"https:\/\/test.thelanguageacademy.nl\/es\/"},{"@type":"ListItem","position":2,"name":"Niveles ling\u00fc\u00edsticos"}]},{"@type":"WebSite","@id":"https:\/\/test.thelanguageacademy.nl\/es\/#website","url":"https:\/\/test.thelanguageacademy.nl\/es\/","name":"The Language Academy","description":"elearning","potentialAction":[{"@type":"SearchAction","target":{"@type":"EntryPoint","urlTemplate":"https:\/\/test.thelanguageacademy.nl\/es\/?s={search_term_string}"},"query-input":"required name=search_term_string"}],"inLanguage":"es"}]}},"_links":{"self":[{"href":"https:\/\/test.thelanguageacademy.nl\/es\/wp-json\/wp\/v2\/pages\/465"}],"collection":[{"href":"https:\/\/test.thelanguageacademy.nl\/es\/wp-json\/wp\/v2\/pages"}],"about":[{"href":"https:\/\/test.thelanguageacademy.nl\/es\/wp-json\/wp\/v2\/types\/page"}],"author":[{"embeddable":true,"href":"https:\/\/test.thelanguageacademy.nl\/es\/wp-json\/wp\/v2\/users\/1"}],"replies":[{"embeddable":true,"href":"https:\/\/test.thelanguageacademy.nl\/es\/wp-json\/wp\/v2\/comments?post=465"}],"version-history":[{"count":7,"href":"https:\/\/test.thelanguageacademy.nl\/es\/wp-json\/wp\/v2\/pages\/465\/revisions"}],"predecessor-version":[{"id":626,"href":"https:\/\/test.thelanguageacademy.nl\/es\/wp-json\/wp\/v2\/pages\/465\/revisions\/626"}],"wp:attachment":[{"href":"https:\/\/test.thelanguageacademy.nl\/es\/wp-json\/wp\/v2\/media?parent=465"}],"curies":[{"name":"wp","href":"https:\/\/api.w.org\/{rel}","templated":true}]}}