{"id":3039,"date":"2022-02-10T15:20:15","date_gmt":"2022-02-10T14:20:15","guid":{"rendered":"https:\/\/www.thelanguageacademy.nl\/?page_id=3039"},"modified":"2022-10-13T15:16:00","modified_gmt":"2022-10-13T13:16:00","slug":"clases-de-conversacion-en-neerlandes","status":"publish","type":"page","link":"https:\/\/test.thelanguageacademy.nl\/es\/clases-de-conversacion-en-neerlandes\/","title":{"rendered":"Clases de conversaci\u00f3n en neerland\u00e9s"},"content":{"rendered":"<p><span style=\"color: #800000;\"><strong>Combina las ventajas del estudio aut\u00f3nomo con clases de conversaci\u00f3n en l\u00ednea con los experimentados profesores de idiomas de <a href=\"https:\/\/www.thelanguageacademy.nl\/es\/acerca-de-the-language-academy\/\" target=\"_blank\" rel=\"noopener noreferrer\"><span style=\"color: #000000;\">UvA Talen<\/span>.<\/a> Las palabras y frases que aprendas en el curso en l\u00ednea de neerland\u00e9s las podr\u00e1s practicar en vivo con un profesor.<\/strong><\/span><\/p>\n<p><strong>Curso en l\u00ednea de neerland\u00e9s<\/strong><br \/>\nEl curso en l\u00ednea de neerland\u00e9s lo completar\u00e1s en 11 lecciones din\u00e1micas: a tu propio ritmo y donde y cuando quieras. Aprender\u00e1s palabras nuevas y gram\u00e1tica, y practicar\u00e1s tus competencias de lectura y de expresi\u00f3n escrita, as\u00ed como la pronunciaci\u00f3n de palabras y sonidos. Tambi\u00e9n practicar\u00e1s la composici\u00f3n de frases.<\/p>\n<p><strong>En combinaci\u00f3n con clases de conversaci\u00f3n en neerland\u00e9s a medida<\/strong><br \/>\nEn las clases de conversaci\u00f3n con un profesor particular podr\u00e1s practicar a fondo tus habilidades de expresi\u00f3n oral. En las clases particulares de neerland\u00e9s en los cursos para principiantes se hace hincapi\u00e9 en la pronunciaci\u00f3n de sonidos y palabras. Aprender\u00e1s a pronunciar frases sencillas y a responder a preguntas simples. Por ejemplo, puedes practicar c\u00f3mo presentarte, c\u00f3mo pedir comida en un restaurante y c\u00f3mo hablar de tu trabajo y tu tiempo libre.<\/p>\n<p>A partir del nivel B1 se hace hincapi\u00e9 en la pr\u00e1ctica de conversaciones m\u00e1s complejas. Aprender\u00e1s a usar frases m\u00e1s dif\u00edciles y a simular una conversaci\u00f3n por tel\u00e9fono o una entrevista de trabajo, por ejemplo. Podr\u00e1s indicar t\u00fa mismo lo que prefieres practicar en las clases particulares de neerland\u00e9s. El profesor est\u00e1 a tu disposici\u00f3n y dar\u00e1 forma a las clases seg\u00fan tus preferencias.<\/p>\n<p><strong>5 o 10 clases de conversaci\u00f3n en neerland\u00e9s<\/strong><br \/>\nPuedes elegir entre un paquete de 5 o de 10 clases particulares de neerland\u00e9s, combinado con un curso en l\u00ednea de 6 o 12 meses. Las clases duran una hora y se imparten mediante una plataforma digital (cu\u00e1l, se decidir\u00e1 de com\u00fan acuerdo).<\/p>\n<p><strong>Planificaci\u00f3n flexible<\/strong><br \/>\nLas clases de conversaci\u00f3n en neerland\u00e9s las planificamos de com\u00fan acuerdo contigo y con el profesor. Las clases se pueden ir planificando durante el per\u00edodo de vigencia del curso de neerland\u00e9s (6 o 12 meses).<\/p>\n<p><strong>Inscripci\u00f3n<\/strong><br \/>\n\u00a1Selecciona el curso de neerland\u00e9s de tu preferencia y matric\u00falate ahora mismo! \u00bfNo est\u00e1s seguro de cu\u00e1l es tu nivel? En la p\u00e1gina correspondiente a cada curso se incluye un enlace a una versi\u00f3n demo del curso en cuesti\u00f3n.<\/p>\n<p><strong>\u00bfPreguntas?<\/strong><br \/>\nSi tienes cualquier duda o pregunta, ponte <a href=\"https:\/\/www.thelanguageacademy.nl\/es\/contacto\/contacto\/\">en contacto<\/a> con nosotros.<\/p>\n","protected":false},"excerpt":{"rendered":"<p>Combina las ventajas del estudio aut\u00f3nomo con clases de conversaci\u00f3n en l\u00ednea con los experimentados profesores de idiomas de UvA Talen. Las palabras y frases que aprendas en el curso en l\u00ednea de neerland\u00e9s las podr\u00e1s practicar en vivo con un profesor. Curso en l\u00ednea de neerland\u00e9s El curso en l\u00ednea de neerland\u00e9s lo completar\u00e1s [&hellip;]<\/p>\n","protected":false},"author":4,"featured_media":4305,"parent":0,"menu_order":0,"comment_status":"closed","ping_status":"closed","template":"template-online-teacher.php","meta":[],"acf":[],"yoast_head":"<!-- This site is optimized with the Yoast SEO plugin v21.1 - https:\/\/yoast.com\/wordpress\/plugins\/seo\/ -->\n<title>Clases de conversaci\u00f3n en neerland\u00e9s - The Language Academy<\/title>\n<meta name=\"description\" content=\"Combina las clases en l\u00ednea de neerland\u00e9s con clases de conversaci\u00f3n con un profesor. T\u00fa ser\u00e1s quien determine el contenido de las clases particulares.\" \/>\n<meta name=\"robots\" content=\"index, follow, max-snippet:-1, max-image-preview:large, max-video-preview:-1\" \/>\n<link rel=\"canonical\" href=\"https:\/\/test.thelanguageacademy.nl\/es\/clases-de-conversacion-en-neerlandes\/\" \/>\n<meta property=\"og:locale\" content=\"es_ES\" \/>\n<meta property=\"og:type\" content=\"article\" \/>\n<meta property=\"og:title\" content=\"Clases de conversaci\u00f3n en neerland\u00e9s - The Language Academy\" \/>\n<meta property=\"og:description\" content=\"Combina las clases en l\u00ednea de neerland\u00e9s con clases de conversaci\u00f3n con un profesor. T\u00fa ser\u00e1s quien determine el contenido de las clases particulares.\" \/>\n<meta property=\"og:url\" content=\"https:\/\/test.thelanguageacademy.nl\/es\/clases-de-conversacion-en-neerlandes\/\" \/>\n<meta property=\"og:site_name\" content=\"The Language Academy\" \/>\n<meta property=\"article:modified_time\" content=\"2022-10-13T13:16:00+00:00\" \/>\n<meta property=\"og:image\" content=\"https:\/\/www.thelanguageacademy.nl\/CookieTest\/wp-content\/uploads\/2022\/11\/UvA_TLA_DEF_4K_CLEAN-0-00-24-22-1-scaled.jpg\" \/>\n\t<meta property=\"og:image:width\" content=\"2560\" \/>\n\t<meta property=\"og:image:height\" content=\"1037\" \/>\n\t<meta property=\"og:image:type\" content=\"image\/jpeg\" \/>\n<meta name=\"twitter:card\" content=\"summary_large_image\" \/>\n<meta name=\"twitter:label1\" content=\"Tiempo de lectura\" \/>\n\t<meta name=\"twitter:data1\" content=\"2 minutos\" \/>\n<script type=\"application\/ld+json\" class=\"yoast-schema-graph\">{\"@context\":\"https:\/\/schema.org\",\"@graph\":[{\"@type\":\"WebPage\",\"@id\":\"https:\/\/test.thelanguageacademy.nl\/es\/clases-de-conversacion-en-neerlandes\/\",\"url\":\"https:\/\/test.thelanguageacademy.nl\/es\/clases-de-conversacion-en-neerlandes\/\",\"name\":\"Clases de conversaci\u00f3n en neerland\u00e9s - The Language Academy\",\"isPartOf\":{\"@id\":\"https:\/\/test.thelanguageacademy.nl\/es\/#website\"},\"datePublished\":\"2022-02-10T14:20:15+00:00\",\"dateModified\":\"2022-10-13T13:16:00+00:00\",\"description\":\"Combina las clases en l\u00ednea de neerland\u00e9s con clases de conversaci\u00f3n con un profesor. T\u00fa ser\u00e1s quien determine el contenido de las clases particulares.\",\"breadcrumb\":{\"@id\":\"https:\/\/test.thelanguageacademy.nl\/es\/clases-de-conversacion-en-neerlandes\/#breadcrumb\"},\"inLanguage\":\"es\",\"potentialAction\":[{\"@type\":\"ReadAction\",\"target\":[\"https:\/\/test.thelanguageacademy.nl\/es\/clases-de-conversacion-en-neerlandes\/\"]}]},{\"@type\":\"BreadcrumbList\",\"@id\":\"https:\/\/test.thelanguageacademy.nl\/es\/clases-de-conversacion-en-neerlandes\/#breadcrumb\",\"itemListElement\":[{\"@type\":\"ListItem\",\"position\":1,\"name\":\"Home\",\"item\":\"https:\/\/test.thelanguageacademy.nl\/es\/\"},{\"@type\":\"ListItem\",\"position\":2,\"name\":\"Clases de conversaci\u00f3n en neerland\u00e9s\"}]},{\"@type\":\"WebSite\",\"@id\":\"https:\/\/test.thelanguageacademy.nl\/es\/#website\",\"url\":\"https:\/\/test.thelanguageacademy.nl\/es\/\",\"name\":\"The Language Academy\",\"description\":\"elearning\",\"potentialAction\":[{\"@type\":\"SearchAction\",\"target\":{\"@type\":\"EntryPoint\",\"urlTemplate\":\"https:\/\/test.thelanguageacademy.nl\/es\/?s={search_term_string}\"},\"query-input\":\"required name=search_term_string\"}],\"inLanguage\":\"es\"}]}<\/script>\n<!-- \/ Yoast SEO plugin. -->","yoast_head_json":{"title":"Clases de conversaci\u00f3n en neerland\u00e9s - The Language Academy","description":"Combina las clases en l\u00ednea de neerland\u00e9s con clases de conversaci\u00f3n con un profesor. T\u00fa ser\u00e1s quien determine el contenido de las clases particulares.","robots":{"index":"index","follow":"follow","max-snippet":"max-snippet:-1","max-image-preview":"max-image-preview:large","max-video-preview":"max-video-preview:-1"},"canonical":"https:\/\/test.thelanguageacademy.nl\/es\/clases-de-conversacion-en-neerlandes\/","og_locale":"es_ES","og_type":"article","og_title":"Clases de conversaci\u00f3n en neerland\u00e9s - The Language Academy","og_description":"Combina las clases en l\u00ednea de neerland\u00e9s con clases de conversaci\u00f3n con un profesor. T\u00fa ser\u00e1s quien determine el contenido de las clases particulares.","og_url":"https:\/\/test.thelanguageacademy.nl\/es\/clases-de-conversacion-en-neerlandes\/","og_site_name":"The Language Academy","article_modified_time":"2022-10-13T13:16:00+00:00","og_image":[{"width":2560,"height":1037,"url":"https:\/\/www.thelanguageacademy.nl\/CookieTest\/wp-content\/uploads\/2022\/11\/UvA_TLA_DEF_4K_CLEAN-0-00-24-22-1-scaled.jpg","type":"image\/jpeg"}],"twitter_card":"summary_large_image","twitter_misc":{"Tiempo de lectura":"2 minutos"},"schema":{"@context":"https:\/\/schema.org","@graph":[{"@type":"WebPage","@id":"https:\/\/test.thelanguageacademy.nl\/es\/clases-de-conversacion-en-neerlandes\/","url":"https:\/\/test.thelanguageacademy.nl\/es\/clases-de-conversacion-en-neerlandes\/","name":"Clases de conversaci\u00f3n en neerland\u00e9s - The Language Academy","isPartOf":{"@id":"https:\/\/test.thelanguageacademy.nl\/es\/#website"},"datePublished":"2022-02-10T14:20:15+00:00","dateModified":"2022-10-13T13:16:00+00:00","description":"Combina las clases en l\u00ednea de neerland\u00e9s con clases de conversaci\u00f3n con un profesor. T\u00fa ser\u00e1s quien determine el contenido de las clases particulares.","breadcrumb":{"@id":"https:\/\/test.thelanguageacademy.nl\/es\/clases-de-conversacion-en-neerlandes\/#breadcrumb"},"inLanguage":"es","potentialAction":[{"@type":"ReadAction","target":["https:\/\/test.thelanguageacademy.nl\/es\/clases-de-conversacion-en-neerlandes\/"]}]},{"@type":"BreadcrumbList","@id":"https:\/\/test.thelanguageacademy.nl\/es\/clases-de-conversacion-en-neerlandes\/#breadcrumb","itemListElement":[{"@type":"ListItem","position":1,"name":"Home","item":"https:\/\/test.thelanguageacademy.nl\/es\/"},{"@type":"ListItem","position":2,"name":"Clases de conversaci\u00f3n en neerland\u00e9s"}]},{"@type":"WebSite","@id":"https:\/\/test.thelanguageacademy.nl\/es\/#website","url":"https:\/\/test.thelanguageacademy.nl\/es\/","name":"The Language Academy","description":"elearning","potentialAction":[{"@type":"SearchAction","target":{"@type":"EntryPoint","urlTemplate":"https:\/\/test.thelanguageacademy.nl\/es\/?s={search_term_string}"},"query-input":"required name=search_term_string"}],"inLanguage":"es"}]}},"_links":{"self":[{"href":"https:\/\/test.thelanguageacademy.nl\/es\/wp-json\/wp\/v2\/pages\/3039"}],"collection":[{"href":"https:\/\/test.thelanguageacademy.nl\/es\/wp-json\/wp\/v2\/pages"}],"about":[{"href":"https:\/\/test.thelanguageacademy.nl\/es\/wp-json\/wp\/v2\/types\/page"}],"author":[{"embeddable":true,"href":"https:\/\/test.thelanguageacademy.nl\/es\/wp-json\/wp\/v2\/users\/4"}],"replies":[{"embeddable":true,"href":"https:\/\/test.thelanguageacademy.nl\/es\/wp-json\/wp\/v2\/comments?post=3039"}],"version-history":[{"count":12,"href":"https:\/\/test.thelanguageacademy.nl\/es\/wp-json\/wp\/v2\/pages\/3039\/revisions"}],"predecessor-version":[{"id":4135,"href":"https:\/\/test.thelanguageacademy.nl\/es\/wp-json\/wp\/v2\/pages\/3039\/revisions\/4135"}],"wp:featuredmedia":[{"embeddable":true,"href":"https:\/\/test.thelanguageacademy.nl\/es\/wp-json\/wp\/v2\/media\/4305"}],"wp:attachment":[{"href":"https:\/\/test.thelanguageacademy.nl\/es\/wp-json\/wp\/v2\/media?parent=3039"}],"curies":[{"name":"wp","href":"https:\/\/api.w.org\/{rel}","templated":true}]}}