{"id":1950,"date":"2019-11-25T11:12:46","date_gmt":"2019-11-25T10:12:46","guid":{"rendered":"https:\/\/www.thelanguageacademy.nl\/?page_id=1950"},"modified":"2021-06-16T15:08:47","modified_gmt":"2021-06-16T13:08:47","slug":"preguntas-mas-frecuentes","status":"publish","type":"page","link":"https:\/\/test.thelanguageacademy.nl\/es\/contacto\/preguntas-mas-frecuentes\/","title":{"rendered":"Preguntas m\u00e1s frecuentes"},"content":{"rendered":"<div class=\"arconix-faq-accordion-wrap\"><div id=\"faq-2475\" class=\"arconix-faq-accordion-title\">\u00bfCu\u00e1l es la diferencia entre Est\u00e1ndar, Pr\u00e9mium, Excelente?<\/div><div id=\"faq-CulesladiferenciaentreEstndarPrmiumExcelente\" class=\"arconix-faq-accordion-content\"><p>El contenido de los tres paquetes es el mismo, pero, seg\u00fan cu\u00e1l sea, dispones de 3, 6 o 12 meses para completar el curso.<\/p>\n<ul>\n<li>Est\u00e1ndar \u2013 3 meses de acceso al curso en l\u00ednea<\/li>\n<li>Pr\u00e9mium \u2013 6 meses de acceso al curso en l\u00ednea<\/li>\n<li>Excelente \u2013 12 meses de acceso al curso en l\u00ednea<\/li>\n<\/ul>\n<\/div><div id=\"faq-1957\" class=\"arconix-faq-accordion-title\">\u00bfCu\u00e1ndo comienzan los cursos en l\u00ednea?<\/div><div id=\"faq-Cundocomienzanloscursosenlnea\" class=\"arconix-faq-accordion-content\"><p>Nuestros cursos de idiomas los puedes comenzar cuando quieras. El periodo de vigencia del curso empieza en el momento en que lo compres. Puedes comprar paquetes de 3, 6 o 12 meses.<\/p>\n<\/div><div id=\"faq-1966\" class=\"arconix-faq-accordion-title\">\u00bfSe obtiene un certificado al terminar el curso?<\/div><div id=\"faq-Seobtieneuncertificadoalterminarelcurso\" class=\"arconix-faq-accordion-content\"><p>Cuando termines el curso recibir\u00e1s un certificado por e-mail. En \u00e9l se indica que has completado el curso en cuesti\u00f3n.<\/p>\n<p>\u00bfQu\u00e9 requisitos tengo que cumplir para obtener un certificado del curso?<\/p>\n<ul>\n<li>Tienes que haber terminado como m\u00ednimo 9 de las 10 lecciones de que consta el curso.<\/li>\n<li>La lecci\u00f3n n\u00famero 10 la tienes que terminar en cualquier caso.<\/li>\n<li>Tienes que obtener una puntuaci\u00f3n m\u00ednima del 70% en todos y cada uno de los ejercicios.<\/li>\n<\/ul>\n<p>En el certificado se indica el nivel final del curso. Si necesitas el certificado para cursar estudios, trabajar o seguir otro curso de idiomas, pregunta en la escuela\/universidad o a tu empleador con qu\u00e9 requisitos debe cumplir el certificado.<\/p>\n<\/div><div id=\"faq-1978\" class=\"arconix-faq-accordion-title\">\u00bfCu\u00e1ntas horas dura un curso de idiomas?<\/div><div id=\"faq-Cuntashorasdurauncursodeidiomas\" class=\"arconix-faq-accordion-content\"><p>El n\u00famero de horas que se tienen que dedicar a un determinado curso depende de cada uno. Por t\u00e9rmino medio se tarda de 40 a 50 horas en completar un curso. Calcula t\u00fa mismo cu\u00e1ntas horas puedes dedicar al curso y compra el paquete que m\u00e1s te convenga:<\/p>\n<ul>\n<li><strong>Est\u00e1ndar<\/strong> \u2013 3 meses de acceso al curso en l\u00ednea<\/li>\n<li><strong>Pr\u00e9mium <\/strong>\u2013 6 meses de acceso al curso en l\u00ednea<\/li>\n<li><strong>Excelente<\/strong> \u2013 12 meses de acceso al curso en l\u00ednea<\/li>\n<\/ul>\n<p>El contenido de los tres paquetes es el mismo, pero, seg\u00fan cu\u00e1l sea, dispones de 3, 6 o 12 meses para completar el curso.<\/p>\n<\/div><div id=\"faq-1987\" class=\"arconix-faq-accordion-title\">El periodo de vigencia de mi curso ha expirado pero a\u00fan no lo he terminado. \u00bfY ahora qu\u00e9 hago?<\/div><div id=\"faq-ElperiododevigenciademicursohaexpiradoperoannoloheterminadoYahoraquhago\" class=\"arconix-faq-accordion-content\"><p>Antes de que finalice el periodo de vigencia del curso recibir\u00e1s un correo electr\u00f3nico nuestro, en el que te ofreceremos la posibilidad de prorrogarlo. Puedes elegir entre pr\u00f3rrogas de 1, 3, 6 o 12 meses.<\/p>\n<\/div><div id=\"faq-1996\" class=\"arconix-faq-accordion-title\">\u00bfSe necesitan libros para el curso?<\/div><div id=\"faq-Senecesitanlibrosparaelcurso\" class=\"arconix-faq-accordion-content\"><p>Los cursos de The Language Academy se imparten \u00edntegramente en l\u00ednea. Los cursos contienen explicaciones de gram\u00e1tica, glosarios con traducciones de palabras, di\u00e1logos y ejercicios. As\u00ed que no necesitas libros.<\/p>\n<\/div><div id=\"faq-2004\" class=\"arconix-faq-accordion-title\">\u00bfQu\u00e9 sistema de niveles contempla The Language Academy?<\/div><div id=\"faq-QusistemadenivelescontemplaTheLanguageAcademy\" class=\"arconix-faq-accordion-content\"><p>The Language Academy trabaja con un baremo reconocido internacionalmente de indicaci\u00f3n del nivel del idioma, el Marco Com\u00fan Europeo de Referencia. Gracias a esta norma internacional, siempre sabr\u00e1s en qu\u00e9 nivel se imparte el curso de idiomas que est\u00e9s realizando. En el certificado se indica qu\u00e9 nivel corresponde a tu curso.<\/p>\n<p><a href=\"https:\/\/www.thelanguageacademy.nl\/es\/niveles-linguisticos-mcer\/\">Aqu\u00ed encontrar\u00e1s una sinopsis<\/a> de las competencias correspondientes a cada nivel.<\/p>\n<\/div><div id=\"faq-2013\" class=\"arconix-faq-accordion-title\">\u00bfC\u00f3mo s\u00e9 cu\u00e1l es mi nivel?<\/div><div id=\"faq-Cmosculesminivel\" class=\"arconix-faq-accordion-content\"><p>Cada curso tiene una versi\u00f3n demo gratuita, que consiste en la primera lecci\u00f3n completa de ese curso. Prueba las versiones demo y averigua de forma r\u00e1pida y sencilla qu\u00e9 nivel de curso te corresponde.<\/p>\n<p><span style=\"color: #800080;\"><a style=\"color: #800080;\" href=\"https:\/\/www.thelanguageacademy.nl\/es\/pruebalo-gratis\/\">Aqu\u00ed encontrar\u00e1s una sinopsis de todas las versiones demo<\/a>.<\/span><\/p>\n<\/div><div id=\"faq-2022\" class=\"arconix-faq-accordion-title\">\u00bfPuedo prepararme para el examen de integraci\u00f3n o el examen estatal con los cursos de neerland\u00e9s?<\/div><div id=\"faq-Puedoprepararmeparaelexamendeintegracinoelexamenestatalconloscursosdeneerlands\" class=\"arconix-faq-accordion-content\"><p>Nuestros cursos de neerland\u00e9s no est\u00e1n espec\u00edficamente pensados para prepararse para el examen de integraci\u00f3n\/examen estatal. Por supuesto, puedes utilizar nuestros cursos para aumentar tus conocimientos del idioma neerland\u00e9s.<\/p>\n<\/div><div id=\"faq-2031\" class=\"arconix-faq-accordion-title\">\u00bfC\u00f3mo se pagan los cursos?<\/div><div id=\"faq-Cmosepaganloscursos\" class=\"arconix-faq-accordion-content\"><p>El curso se puede pagar con iDEAL, MasterCard, Visa o V PAY.<\/p>\n<\/div><div id=\"faq-2041\" class=\"arconix-faq-accordion-title\">\u00bfPuedo pagar el curso de neerland\u00e9s con un pr\u00e9stamo DUO?<\/div><div id=\"faq-PuedopagarelcursodeneerlandsconunprstamoDUO\" class=\"arconix-faq-accordion-content\"><p>Lamentamos decirte que los cursos de neerland\u00e9s de The Language Academy no se pueden pagar con un pr\u00e9stamo DUO para la integraci\u00f3n.<\/p>\n<\/div><div id=\"faq-2050\" class=\"arconix-faq-accordion-title\">\u00bfQu\u00e9 descuentos ofrece The Language Academy?<\/div><div id=\"faq-QudescuentosofreceTheLanguageAcademy\" class=\"arconix-faq-accordion-content\"><p>The Language Academy fue creada por UvA Talen, el centro de idiomas independiente de la Universidad de Amsterdam. Por lo tanto, podr\u00e1s aspirar a un descuento si te encuentras en alguna de las siguientes categor\u00edas:<\/p>\n<ul>\n<li>Estudiante en UvA Talen: 25,00 \u20ac<\/li>\n<li>Estudiante: 125 \u20ac de descuento en el paquete Est\u00e1ndar ( 3 meses de acceso)<\/li>\n<li>Estudiante: 15% de descuento en el resto de los cursos<\/li>\n<li>Empleado de la UvA o de la HvA: 15%<\/li>\n<li>Miembro de la asociaci\u00f3n de antiguos alumnos AUV de la UvA: 15%<\/li>\n<\/ul>\n<p>Si est\u00e1s en alguna de esas categor\u00edas, ponte en <a href=\"https:\/\/www.thelanguageacademy.nl\/es\/contacto\/contacto\/\">contacto<\/a> con nosotros para recibir un c\u00f3digo de descuento.<\/p>\n<p>Adem\u00e1s de los descuentos mencionados anteriormente, tambi\u00e9n ofrecemos descuentos especiales para una serie de empresas y eventos espec\u00edficos (por ejemplo, ferias comerciales). \u00bfEst\u00e1s interesado en una colaboraci\u00f3n? Si es as\u00ed, ponte en <a href=\"https:\/\/www.thelanguageacademy.nl\/es\/contacto\/contacto\/\">contacto<\/a> con nosotros.<\/p>\n<\/div><div id=\"faq-2068\" class=\"arconix-faq-accordion-title\">\u00bfSe imparten las clases en mi idioma?<\/div><div id=\"faq-Seimpartenlasclasesenmiidioma\" class=\"arconix-faq-accordion-content\"><p>El idioma en el que se imparte tu curso depende del curso que est\u00e9s siguiendo y del nivel de ese curso. Todos los cursos para principiantes est\u00e1n disponibles en neerland\u00e9s, ingl\u00e9s y espa\u00f1ol; algunos cursos para principiantes tambi\u00e9n est\u00e1n disponibles en franc\u00e9s y alem\u00e1n. Comprueba en el curso que te interese en qu\u00e9 idioma est\u00e1 disponible.<\/p>\n<\/div><div id=\"faq-2078\" class=\"arconix-faq-accordion-title\">\u00bfPuedo a\u00f1adir clases de conversaci\u00f3n a mi curso?<\/div><div id=\"faq-Puedoaadirclasesdeconversacinamicurso\" class=\"arconix-faq-accordion-content\"><p>S\u00ed, es posible. Para eso hemos dise\u00f1ado <strong><a href=\"https:\/\/www.thelanguageacademy.nl\/es\/online-teacher\/\">Online+Teacher<\/a>.<\/strong> Con Online+Teacher puedes combinar el curso en l\u00ednea con clases de conversaci\u00f3n en l\u00ednea con nuestros profesores.<\/p>\n<\/div><div id=\"faq-3272\" class=\"arconix-faq-accordion-title\">\u00bfQue se incluye en Online+Teacher?<\/div><div id=\"faq-QueseincluyeenOnlineTeacher\" class=\"arconix-faq-accordion-content\"><p><a href=\"https:\/\/www.thelanguageacademy.nl\/es\/online-teacher\/\"><strong>Online+Teacher<\/strong><\/a> consta de un curso en l\u00ednea de 6 o 12 meses combinado con cinco o diez clases de conversaci\u00f3n en l\u00ednea. Las clases particulares duran una hora y se imparten mediante una plataforma digital. Las clases de conversaci\u00f3n las planificamos de com\u00fan acuerdo contigo y con el profesor.<\/p>\n<\/div><div id=\"faq-3277\" class=\"arconix-faq-accordion-title\">\u00bfQu\u00e9 puedo aprender con el paquete Online+Teacher?<\/div><div id=\"faq-QupuedoaprenderconelpaqueteOnlineTeacher\" class=\"arconix-faq-accordion-content\"><p>Las clases de conversaci\u00f3n en l\u00ednea se centran en la pr\u00e1ctica de tu expresi\u00f3n oral. En los niveles inferiores har\u00e1s ejercicios con sonidos, palabras y frases sencillas: por ejemplo, practicar\u00e1s c\u00f3mo presentarte a otra persona. A partir del nivel B1, nos enfocamos en conversaciones de mayor amplitud y en la construcci\u00f3n de frases m\u00e1s complicadas. El profesor siempre adaptar\u00e1 las clases de conversaci\u00f3n a tus deseos espec\u00edficos.<\/p>\n<\/div><div id=\"faq-2086\" class=\"arconix-faq-accordion-title\">\u00bfPuedo seguir el curso en una tableta o en un tel\u00e9fono m\u00f3vil?<\/div><div id=\"faq-Puedoseguirelcursoenunatabletaoenuntelfonomvil\" class=\"arconix-faq-accordion-content\"><p>El curso lo puedes hacer en el m\u00f3vil, pero, para mayor comodidad, te recomendamos que lo hagas en una tableta o en un ordenador. Te ser\u00e1 \u00fatil que el ordenador o la tableta tenga un micr\u00f3fono, porque en algunos ejercicios te pediremos que grabes tu propia voz.<\/p>\n<\/div><div id=\"faq-2505\" class=\"arconix-faq-accordion-title\">\u00bfQu\u00e9 navegador debo utilizar?<\/div><div id=\"faq-Qunavegadordeboutilizar\" class=\"arconix-faq-accordion-content\"><p>Recomendamos utilizar uno de los siguientes navegadores: Chrome, Firefox, Microsoft Edge o Safari. Estos navegadores garantizan la mejor experiencia de usuario.<\/p>\n<\/div><div id=\"faq-2102\" class=\"arconix-faq-accordion-title\">Mi empleador me paga el curso. \u00bfPuedo pagar el curso tambi\u00e9n mediante factura?<\/div><div id=\"faq-MiempleadormepagaelcursoPuedopagarelcursotambinmediantefactura\" class=\"arconix-faq-accordion-content\"><p>Existe la posibilidad de enviar la factura a tu empleador. <a href=\"https:\/\/www.thelanguageacademy.nl\/es\/contacto\/contacto\/\">Ponte en contacto con nosotros<\/a> para hablar del asunto.<\/p>\n<\/div><div id=\"faq-2115\" class=\"arconix-faq-accordion-title\">\u00bfOfrece The Language Academy descuentos a las empresas?<\/div><div id=\"faq-OfreceTheLanguageAcademydescuentosalasempresas\" class=\"arconix-faq-accordion-content\"><p>\u00bfQuieres ofrecer los cursos en l\u00ednea de The Language Academy a tus empleados? \u00a1Eso est\u00e1 hecho! A las empresas que tengan 10 o m\u00e1s empleados interesados les ofrecemos un descuento.<a href=\"https:\/\/www.thelanguageacademy.nl\/es\/contacto\/contacto\/\"> Env\u00edanos un mensaje<\/a> y nos pondremos en contacto contigo lo antes posible para discutir las posibilidades.<\/p>\n<\/div><div id=\"faq-2130\" class=\"arconix-faq-accordion-title\">\u00bfPuedo cancelar el curso despu\u00e9s de haberme inscrito?<\/div><div id=\"faq-Puedocancelarelcursodespusdehabermeinscrito\" class=\"arconix-faq-accordion-content\"><p>Todos nuestros cursos en l\u00ednea contemplan un periodo legal de reflexi\u00f3n de 14 d\u00edas desde la fecha de compra. Si deseas acogerte a ese periodo de reflexi\u00f3n, ind\u00edcalo al iniciar sesi\u00f3n por primera vez. En ese caso no podr\u00e1s acceder al curso hasta que hayan transcurrido 2 semanas, durante las cuales podr\u00e1s cancelarlo envi\u00e1ndonos un mensaje.<br \/>\n\u00bfPrefieres empezar inmediatamente? En ese caso, la primera vez que inicies sesi\u00f3n indica que renuncias al periodo legal de reflexi\u00f3n y que quieres comenzar el curso inmediatamente.<\/p>\n<\/div><\/div>\n<p>&nbsp;<\/p>\n<p>\u00bfNo has encontrado respuesta a tu pregunta? Si es as\u00ed, <a href=\"https:\/\/www.thelanguageacademy.nl\/es\/contacto\/contacto\/\"><strong>\u00a1env\u00edanos un mensaje!<\/strong><\/a><\/p>\n<p>&nbsp;<\/p>\n","protected":false},"excerpt":{"rendered":"<p>&nbsp; \u00bfNo has encontrado respuesta a tu pregunta? Si es as\u00ed, \u00a1env\u00edanos un mensaje! &nbsp;<\/p>\n","protected":false},"author":4,"featured_media":0,"parent":754,"menu_order":3,"comment_status":"closed","ping_status":"closed","template":"","meta":[],"acf":[],"yoast_head":"<!-- This site is optimized with the Yoast SEO plugin v21.1 - https:\/\/yoast.com\/wordpress\/plugins\/seo\/ -->\n<title>Preguntas m\u00e1s frecuentes - The Language Academy<\/title>\n<meta name=\"description\" content=\"\u00bfTienes alguna pregunta sobre nuestros cursos? Echa un vistazo a las preguntas m\u00e1s frecuentes.\" \/>\n<meta name=\"robots\" content=\"index, follow, max-snippet:-1, max-image-preview:large, max-video-preview:-1\" \/>\n<link rel=\"canonical\" href=\"https:\/\/test.thelanguageacademy.nl\/es\/contacto\/preguntas-mas-frecuentes\/\" \/>\n<meta property=\"og:locale\" content=\"es_ES\" \/>\n<meta property=\"og:type\" content=\"article\" \/>\n<meta property=\"og:title\" content=\"Preguntas m\u00e1s frecuentes - The Language Academy\" \/>\n<meta property=\"og:description\" content=\"\u00bfTienes alguna pregunta sobre nuestros cursos? Echa un vistazo a las preguntas m\u00e1s frecuentes.\" \/>\n<meta property=\"og:url\" content=\"https:\/\/test.thelanguageacademy.nl\/es\/contacto\/preguntas-mas-frecuentes\/\" \/>\n<meta property=\"og:site_name\" content=\"The Language Academy\" \/>\n<meta property=\"article:modified_time\" content=\"2021-06-16T13:08:47+00:00\" \/>\n<meta name=\"twitter:card\" content=\"summary_large_image\" \/>\n<script type=\"application\/ld+json\" class=\"yoast-schema-graph\">{\"@context\":\"https:\/\/schema.org\",\"@graph\":[{\"@type\":\"WebPage\",\"@id\":\"https:\/\/test.thelanguageacademy.nl\/es\/contacto\/preguntas-mas-frecuentes\/\",\"url\":\"https:\/\/test.thelanguageacademy.nl\/es\/contacto\/preguntas-mas-frecuentes\/\",\"name\":\"Preguntas m\u00e1s frecuentes - The Language Academy\",\"isPartOf\":{\"@id\":\"https:\/\/test.thelanguageacademy.nl\/es\/#website\"},\"datePublished\":\"2019-11-25T10:12:46+00:00\",\"dateModified\":\"2021-06-16T13:08:47+00:00\",\"description\":\"\u00bfTienes alguna pregunta sobre nuestros cursos? Echa un vistazo a las preguntas m\u00e1s frecuentes.\",\"breadcrumb\":{\"@id\":\"https:\/\/test.thelanguageacademy.nl\/es\/contacto\/preguntas-mas-frecuentes\/#breadcrumb\"},\"inLanguage\":\"es\",\"potentialAction\":[{\"@type\":\"ReadAction\",\"target\":[\"https:\/\/test.thelanguageacademy.nl\/es\/contacto\/preguntas-mas-frecuentes\/\"]}]},{\"@type\":\"BreadcrumbList\",\"@id\":\"https:\/\/test.thelanguageacademy.nl\/es\/contacto\/preguntas-mas-frecuentes\/#breadcrumb\",\"itemListElement\":[{\"@type\":\"ListItem\",\"position\":1,\"name\":\"Home\",\"item\":\"https:\/\/test.thelanguageacademy.nl\/es\/\"},{\"@type\":\"ListItem\",\"position\":2,\"name\":\"Contacto\",\"item\":\"https:\/\/test.thelanguageacademy.nl\/es\/contacto\/\"},{\"@type\":\"ListItem\",\"position\":3,\"name\":\"Preguntas m\u00e1s frecuentes\"}]},{\"@type\":\"WebSite\",\"@id\":\"https:\/\/test.thelanguageacademy.nl\/es\/#website\",\"url\":\"https:\/\/test.thelanguageacademy.nl\/es\/\",\"name\":\"The Language Academy\",\"description\":\"elearning\",\"potentialAction\":[{\"@type\":\"SearchAction\",\"target\":{\"@type\":\"EntryPoint\",\"urlTemplate\":\"https:\/\/test.thelanguageacademy.nl\/es\/?s={search_term_string}\"},\"query-input\":\"required name=search_term_string\"}],\"inLanguage\":\"es\"}]}<\/script>\n<!-- \/ Yoast SEO plugin. -->","yoast_head_json":{"title":"Preguntas m\u00e1s frecuentes - The Language Academy","description":"\u00bfTienes alguna pregunta sobre nuestros cursos? Echa un vistazo a las preguntas m\u00e1s frecuentes.","robots":{"index":"index","follow":"follow","max-snippet":"max-snippet:-1","max-image-preview":"max-image-preview:large","max-video-preview":"max-video-preview:-1"},"canonical":"https:\/\/test.thelanguageacademy.nl\/es\/contacto\/preguntas-mas-frecuentes\/","og_locale":"es_ES","og_type":"article","og_title":"Preguntas m\u00e1s frecuentes - The Language Academy","og_description":"\u00bfTienes alguna pregunta sobre nuestros cursos? Echa un vistazo a las preguntas m\u00e1s frecuentes.","og_url":"https:\/\/test.thelanguageacademy.nl\/es\/contacto\/preguntas-mas-frecuentes\/","og_site_name":"The Language Academy","article_modified_time":"2021-06-16T13:08:47+00:00","twitter_card":"summary_large_image","schema":{"@context":"https:\/\/schema.org","@graph":[{"@type":"WebPage","@id":"https:\/\/test.thelanguageacademy.nl\/es\/contacto\/preguntas-mas-frecuentes\/","url":"https:\/\/test.thelanguageacademy.nl\/es\/contacto\/preguntas-mas-frecuentes\/","name":"Preguntas m\u00e1s frecuentes - The Language Academy","isPartOf":{"@id":"https:\/\/test.thelanguageacademy.nl\/es\/#website"},"datePublished":"2019-11-25T10:12:46+00:00","dateModified":"2021-06-16T13:08:47+00:00","description":"\u00bfTienes alguna pregunta sobre nuestros cursos? Echa un vistazo a las preguntas m\u00e1s frecuentes.","breadcrumb":{"@id":"https:\/\/test.thelanguageacademy.nl\/es\/contacto\/preguntas-mas-frecuentes\/#breadcrumb"},"inLanguage":"es","potentialAction":[{"@type":"ReadAction","target":["https:\/\/test.thelanguageacademy.nl\/es\/contacto\/preguntas-mas-frecuentes\/"]}]},{"@type":"BreadcrumbList","@id":"https:\/\/test.thelanguageacademy.nl\/es\/contacto\/preguntas-mas-frecuentes\/#breadcrumb","itemListElement":[{"@type":"ListItem","position":1,"name":"Home","item":"https:\/\/test.thelanguageacademy.nl\/es\/"},{"@type":"ListItem","position":2,"name":"Contacto","item":"https:\/\/test.thelanguageacademy.nl\/es\/contacto\/"},{"@type":"ListItem","position":3,"name":"Preguntas m\u00e1s frecuentes"}]},{"@type":"WebSite","@id":"https:\/\/test.thelanguageacademy.nl\/es\/#website","url":"https:\/\/test.thelanguageacademy.nl\/es\/","name":"The Language Academy","description":"elearning","potentialAction":[{"@type":"SearchAction","target":{"@type":"EntryPoint","urlTemplate":"https:\/\/test.thelanguageacademy.nl\/es\/?s={search_term_string}"},"query-input":"required name=search_term_string"}],"inLanguage":"es"}]}},"_links":{"self":[{"href":"https:\/\/test.thelanguageacademy.nl\/es\/wp-json\/wp\/v2\/pages\/1950"}],"collection":[{"href":"https:\/\/test.thelanguageacademy.nl\/es\/wp-json\/wp\/v2\/pages"}],"about":[{"href":"https:\/\/test.thelanguageacademy.nl\/es\/wp-json\/wp\/v2\/types\/page"}],"author":[{"embeddable":true,"href":"https:\/\/test.thelanguageacademy.nl\/es\/wp-json\/wp\/v2\/users\/4"}],"replies":[{"embeddable":true,"href":"https:\/\/test.thelanguageacademy.nl\/es\/wp-json\/wp\/v2\/comments?post=1950"}],"version-history":[{"count":1,"href":"https:\/\/test.thelanguageacademy.nl\/es\/wp-json\/wp\/v2\/pages\/1950\/revisions"}],"predecessor-version":[{"id":2138,"href":"https:\/\/test.thelanguageacademy.nl\/es\/wp-json\/wp\/v2\/pages\/1950\/revisions\/2138"}],"up":[{"embeddable":true,"href":"https:\/\/test.thelanguageacademy.nl\/es\/wp-json\/wp\/v2\/pages\/754"}],"wp:attachment":[{"href":"https:\/\/test.thelanguageacademy.nl\/es\/wp-json\/wp\/v2\/media?parent=1950"}],"curies":[{"name":"wp","href":"https:\/\/api.w.org\/{rel}","templated":true}]}}