{"id":863,"date":"2018-05-24T11:53:48","date_gmt":"2018-05-24T09:53:48","guid":{"rendered":"https:\/\/www.thelanguageacademy.nl\/?page_id=863"},"modified":"2022-09-29T11:34:43","modified_gmt":"2022-09-29T09:34:43","slug":"allgemeine-anmeldebedingungen","status":"publish","type":"page","link":"https:\/\/test.thelanguageacademy.nl\/de\/allgemeine-anmeldebedingungen\/","title":{"rendered":"Allgemeine Anmeldebedingungen"},"content":{"rendered":"<p>The Language Academy ist Bestandteil von UvA\u00a0Talen\u00a0B.V. \u201eThe Language Academy\u201c entspricht in den folgenden Bedingungen \u201eUvA\u00a0Talen\u00a0B.V\u201c.<\/p>\n<p>&nbsp;<\/p>\n<p><strong>Anmeldung<\/strong><\/p>\n<ol>\n<li>Sie melden sich auf der Website f\u00fcr einen Online-Sprachkurs an. Wenn Sie sich anmelden, ben\u00f6tigen wir Ihren Namen und Ihre E-Mail-Adresse. Indem Sie sich anmelden, erkl\u00e4ren Sie sich mit unserer <a href=\"https:\/\/www.thelanguageacademy.nl\/de\/datenschutz-und-cookie-erklaerung\/\">Datenschutz- und Cookie-Erkl\u00e4rung<\/a> sowie unseren Allgemeinen Anmeldebedingungen und Sie erteilen The Language Academy die Erlaubnis, Ihnen gelegentlich E-Mails mit Informationen \u00fcber unsere Kurse und Angebote zuzusenden. Die Zahlung erfolgt direkt bei der Anmeldung. Die Rechnung einschlie\u00dflich der geltenden Mehrwertsteuer von 0 % erhalten Sie per E-Mail.<\/li>\n<li>Der Kurs, f\u00fcr den Sie sich angemeldet haben, ist f\u00fcr die jeweils gew\u00e4hlte Nutzungsdauer verf\u00fcgbar (3, 6 oder 12 Monate).<\/li>\n<\/ol>\n<p>&nbsp;<\/p>\n<p><strong>Widerrufsrecht<\/strong><\/p>\n<ol>\n<li>Ein Kurs von The Language Academy ist ein digitales Produkt. Ab dem Zeitpunkt der Anmeldung und Bezahlung gilt eine gesetzliche Widerrufsfrist von 14 Tagen. In diesem Zeitraum kann das Produkt noch nicht genutzt werden. F\u00fcr einen angemessenen Eindruck des Kurses bieten wir eine kostenlose Demoversion mit den ersten zwei Lektionen des Kurses. Wir m\u00fcssen Sie bitten, Ihre E-Mail-Adresse zu hinterlassen, um dieses Demo anzusehen. Indem Sie Ihre E-Mail-Adresse hinterlassen, erkl\u00e4ren Sie sich mit unserer <a href=\"https:\/\/www.thelanguageacademy.nl\/de\/datenschutz-und-cookie-erklaerung\/\">Datenschutz- und Cookie-Erkl\u00e4rung<\/a> sowie unseren Allgemeinen Anmeldebedingungen und ferner damit einverstanden, dass The Language Academy Ihnen gelegentlich E-Mails mit Informationen \u00fcber unsere Kurse und Angebote zusendet.<\/li>\n<li>Es besteht die M\u00f6glichkeit, auf das Widerrufsrecht zu verzichten, um das Produkt innerhalb der 14\u00a0Tage Widerrufsfrist verwenden zu k\u00f6nnen. Sobald Sie dies auf der Website angegeben haben, steht die vollst\u00e4ndige Nutzung des Produkts direkt zur Verf\u00fcgung.<\/li>\n<\/ol>\n<p><strong>\u00a0<\/strong><\/p>\n<p><strong>Erm\u00e4\u00dfigungen<\/strong><\/p>\n<p>Wenn Sie nach dem Belegen eines Kurses von The Language Academy einen weiteren Kurs bei The Language Academy belegen m\u00f6chten, gilt innerhalb von sechs Monaten eine Erm\u00e4\u00dfigung von 25,-\u00a0\u20ac auf den Folgekurs. Als Startdatum dieser Frist gilt das Datum, an dem die Nutzungsdauer des erworbenen Kurses abl\u00e4uft, bzw. der Zeitpunkt, zu dem der Kurs beendet und das Zertifikat heruntergeladen wird.<\/p>\n<p>&nbsp;<\/p>\n<p><strong>Verl\u00e4ngerung<br \/>\n<\/strong>The Language Academy bietet die M\u00f6glichkeit, die Nutzungsdauer eines erworbenen Online-Kurses gegen Bezahlung zu verl\u00e4ngern. Eine Verl\u00e4ngerung der Nutzungsdauer ist bis zum letzten Tag der aktuellen Nutzungsdauer m\u00f6glich.<\/p>\n<p>&nbsp;<\/p>\n<p><strong>Online+Teacher<\/strong><\/p>\n<ol>\n<li>Beginn Konversationsstunden<br \/>\nSie k\u00f6nnen Ihre Konversationsstunden zwei Wochen nach Erwerb eines Kurses von The Language Academy beginnen. Termine f\u00fcr die Konversationsstunden k\u00f6nnen vereinbart werden, sobald Sie den Kurs erworben und auf die Bedenkzeit verzichtet haben oder sobald die Bedenkzeit von zwei Wochen verstrichen ist.<\/li>\n<li>Termine f\u00fcr die Konversationsstunden festlegen<br \/>\nDie Termine f\u00fcr die 5 oder 10 Konversationsstunden m\u00fcssen w\u00e4hrend der urspr\u00fcnglichen Laufzeit des E-Learning-Kurses (6 oder 12 Monate) vereinbart werden. Die Konversationsstunden d\u00fcrfen nicht w\u00e4hrend einer eventuellen Verl\u00e4ngerung Ihres E-Learnings stattfinden. Wir nehmen innerhalb von 5 Werktagen, nachdem Sie einen Kurs erworben haben, mit Ihnen Kontakt auf, um mit Ihnen den Termin f\u00fcr Ihre erste Stunde zu vereinbaren.<\/li>\n<li>Stornieren von Konversationsstunden<br \/>\nStornierungen k\u00f6nnen ausschlie\u00dflich per E-Mail an info@thelanguageacademy.nl erfolgen. Eine Konversationsstunde kann storniert werden, wenn bis sp\u00e4testens 24 Stunden vor Beginn der Stunde eine Stornierungsmeldung erfolgt. F\u00fcr die ausgefallene Stunde kann ohne Weiteres ein neuer Termin vereinbart werden. Wenn die Konversationsstunde sp\u00e4ter als 24 Stunden vor Beginn der Stunde storniert wird, kann diese nicht mehr verlegt werden.<\/li>\n<li>Technik<br \/>\nDie Konversationsstunden finden unter Verwendung einer Videokonferenz-Software wie zum Beispiel Zoom oder Microsoft Teams statt. Sie m\u00fcssen sich selbst um eine gute Internetverbindung und einen Laptop oder ein Tablet mit Kamera und Mikrofon k\u00fcmmern.<\/li>\n<\/ol>\n<p>&nbsp;<\/p>\n<p><strong>Fragen und Beschwerden<\/strong><\/p>\n<ol>\n<li>Fragen oder Feedback k\u00f6nnen \u00fcber das Kontaktformular auf der Website von The Language Academy eingereicht werden. Wenn Sie uns kontaktieren, ben\u00f6tigen wir Ihren Namen und Ihre E-Mail-Adresse.<\/li>\n<li>Fragen bez\u00fcglich der Verwaltung oder des Kursinhalts werden innerhalb von zehn Werktagen nach Eingangsdatum von The Language Academy beantwortet, es sei denn, dass dies aus einem berechtigten Grund nicht m\u00f6glich ist.<\/li>\n<li>Eventuelle Beschwerden k\u00f6nnen schriftlich, bzw. per E-Mail, bei uns eingereicht werden. Sie erhalten von uns anschlie\u00dfend eine Empfangsbest\u00e4tigung mit dem voraussichtlichen Datum der inhaltlichen Verarbeitung der Beschwerde durch The Language Academy.<\/li>\n<\/ol>\n<p><strong>\u00a0<\/strong><\/p>\n<p><strong>Geistiges Eigentum<\/strong><\/p>\n<ol>\n<li>S\u00e4mtliche von The Language Academy entwickelten Lehrmaterialien sowie Bild- und Videomaterial sind geistiges Eigentum von The Language Academy.<\/li>\n<li>Der Zugriff auf die digitale Lernumgebung von The Language Academy ist ausschlie\u00dflich f\u00fcr den eigenen, privaten Gebrauch gestattet. Es ist nicht gestattet, Anmeldedaten an Dritte weiterzuleiten bzw. Dritten mithilfe der eigenen Anmeldedaten Zugang zu der digitalen Lernumgebung von The Language Academy zu verschaffen. Der Verkauf oder die Bereitstellung der eigenen Anmeldedaten an Dritte ist strengstens untersagt. Die Ver\u00f6ffentlichung der eigenen Anmeldedaten in jeglicher Form ist strengstens untersagt.<\/li>\n<\/ol>\n<p>&nbsp;<\/p>\n<p><strong>Datenschutz<\/strong><\/p>\n<p>The Language Academy legt gro\u00dfen Wert auf Datenschutz. Personenbezogene Daten werden nicht an Dritte weitergegeben. S\u00e4mtliche sensible und personenbezogene Daten unserer Kursteilnehmer werden als streng vertraulich betrachtet und nicht an Parteien au\u00dferhalb von The Language Academy weitergeleitet.<\/p>\n<p>&nbsp;<\/p>\n<p><strong>\u00c4nderung der Allgemeinen Gesch\u00e4ftsbedingungen<br \/>\n<\/strong>The Language Academy beh\u00e4lt sich das Recht vor, um die Zahlungs- und Stornierungsbedingungen jederzeit zu \u00e4ndern.<\/p>\n<p>&nbsp;<\/p>\n<p><strong>Anwendbares Recht<br \/>\n<\/strong>S\u00e4mtliche unserer Produkte, Dienstleistungen und Lieferbedingungen unterliegen dem niederl\u00e4ndischen Recht.<\/p>\n<p>&nbsp;<\/p>\n<p>[Stand: Februar 2022]<\/p>\n","protected":false},"excerpt":{"rendered":"<p>The Language Academy ist Bestandteil von UvA\u00a0Talen\u00a0B.V. \u201eThe Language Academy\u201c entspricht in den folgenden Bedingungen \u201eUvA\u00a0Talen\u00a0B.V\u201c. &nbsp; Anmeldung Sie melden sich auf der Website f\u00fcr einen Online-Sprachkurs an. Wenn Sie sich anmelden, ben\u00f6tigen wir Ihren Namen und Ihre E-Mail-Adresse. Indem Sie sich anmelden, erkl\u00e4ren Sie sich mit unserer Datenschutz- und Cookie-Erkl\u00e4rung sowie unseren Allgemeinen Anmeldebedingungen [&hellip;]<\/p>\n","protected":false},"author":4,"featured_media":0,"parent":0,"menu_order":0,"comment_status":"closed","ping_status":"closed","template":"","meta":[],"acf":[],"yoast_head":"<!-- This site is optimized with the Yoast SEO plugin v21.1 - https:\/\/yoast.com\/wordpress\/plugins\/seo\/ -->\n<title>Allgemeine Anmeldebedingungen - The Language Academy<\/title>\n<meta name=\"description\" content=\"The Language Academy bietet Online-Sprachkurse von akademischem Niveau mit steiler Lernkurve und ergebnisorientierten Lektionen.\" \/>\n<meta name=\"robots\" content=\"index, follow, max-snippet:-1, max-image-preview:large, max-video-preview:-1\" \/>\n<link rel=\"canonical\" href=\"https:\/\/test.thelanguageacademy.nl\/de\/allgemeine-anmeldebedingungen\/\" \/>\n<meta property=\"og:locale\" content=\"de_DE\" \/>\n<meta property=\"og:type\" content=\"article\" \/>\n<meta property=\"og:title\" content=\"Allgemeine Anmeldebedingungen - The Language Academy\" \/>\n<meta property=\"og:description\" content=\"The Language Academy bietet Online-Sprachkurse von akademischem Niveau mit steiler Lernkurve und ergebnisorientierten Lektionen.\" \/>\n<meta property=\"og:url\" content=\"https:\/\/test.thelanguageacademy.nl\/de\/allgemeine-anmeldebedingungen\/\" \/>\n<meta property=\"og:site_name\" content=\"The Language Academy\" \/>\n<meta property=\"article:modified_time\" content=\"2022-09-29T09:34:43+00:00\" \/>\n<meta name=\"twitter:card\" content=\"summary_large_image\" \/>\n<meta name=\"twitter:label1\" content=\"Gesch\u00e4tzte Lesezeit\" \/>\n\t<meta name=\"twitter:data1\" content=\"4\u00a0Minuten\" \/>\n<script type=\"application\/ld+json\" class=\"yoast-schema-graph\">{\"@context\":\"https:\/\/schema.org\",\"@graph\":[{\"@type\":\"WebPage\",\"@id\":\"https:\/\/test.thelanguageacademy.nl\/de\/allgemeine-anmeldebedingungen\/\",\"url\":\"https:\/\/test.thelanguageacademy.nl\/de\/allgemeine-anmeldebedingungen\/\",\"name\":\"Allgemeine Anmeldebedingungen - The Language Academy\",\"isPartOf\":{\"@id\":\"https:\/\/test.thelanguageacademy.nl\/de\/#website\"},\"datePublished\":\"2018-05-24T09:53:48+00:00\",\"dateModified\":\"2022-09-29T09:34:43+00:00\",\"description\":\"The Language Academy bietet Online-Sprachkurse von akademischem Niveau mit steiler Lernkurve und ergebnisorientierten Lektionen.\",\"breadcrumb\":{\"@id\":\"https:\/\/test.thelanguageacademy.nl\/de\/allgemeine-anmeldebedingungen\/#breadcrumb\"},\"inLanguage\":\"de\",\"potentialAction\":[{\"@type\":\"ReadAction\",\"target\":[\"https:\/\/test.thelanguageacademy.nl\/de\/allgemeine-anmeldebedingungen\/\"]}]},{\"@type\":\"BreadcrumbList\",\"@id\":\"https:\/\/test.thelanguageacademy.nl\/de\/allgemeine-anmeldebedingungen\/#breadcrumb\",\"itemListElement\":[{\"@type\":\"ListItem\",\"position\":1,\"name\":\"Home\",\"item\":\"https:\/\/test.thelanguageacademy.nl\/de\/\"},{\"@type\":\"ListItem\",\"position\":2,\"name\":\"Allgemeine Anmeldebedingungen\"}]},{\"@type\":\"WebSite\",\"@id\":\"https:\/\/test.thelanguageacademy.nl\/de\/#website\",\"url\":\"https:\/\/test.thelanguageacademy.nl\/de\/\",\"name\":\"The Language Academy\",\"description\":\"elearning\",\"potentialAction\":[{\"@type\":\"SearchAction\",\"target\":{\"@type\":\"EntryPoint\",\"urlTemplate\":\"https:\/\/test.thelanguageacademy.nl\/de\/?s={search_term_string}\"},\"query-input\":\"required name=search_term_string\"}],\"inLanguage\":\"de\"}]}<\/script>\n<!-- \/ Yoast SEO plugin. -->","yoast_head_json":{"title":"Allgemeine Anmeldebedingungen - The Language Academy","description":"The Language Academy bietet Online-Sprachkurse von akademischem Niveau mit steiler Lernkurve und ergebnisorientierten Lektionen.","robots":{"index":"index","follow":"follow","max-snippet":"max-snippet:-1","max-image-preview":"max-image-preview:large","max-video-preview":"max-video-preview:-1"},"canonical":"https:\/\/test.thelanguageacademy.nl\/de\/allgemeine-anmeldebedingungen\/","og_locale":"de_DE","og_type":"article","og_title":"Allgemeine Anmeldebedingungen - The Language Academy","og_description":"The Language Academy bietet Online-Sprachkurse von akademischem Niveau mit steiler Lernkurve und ergebnisorientierten Lektionen.","og_url":"https:\/\/test.thelanguageacademy.nl\/de\/allgemeine-anmeldebedingungen\/","og_site_name":"The Language Academy","article_modified_time":"2022-09-29T09:34:43+00:00","twitter_card":"summary_large_image","twitter_misc":{"Gesch\u00e4tzte Lesezeit":"4\u00a0Minuten"},"schema":{"@context":"https:\/\/schema.org","@graph":[{"@type":"WebPage","@id":"https:\/\/test.thelanguageacademy.nl\/de\/allgemeine-anmeldebedingungen\/","url":"https:\/\/test.thelanguageacademy.nl\/de\/allgemeine-anmeldebedingungen\/","name":"Allgemeine Anmeldebedingungen - The Language Academy","isPartOf":{"@id":"https:\/\/test.thelanguageacademy.nl\/de\/#website"},"datePublished":"2018-05-24T09:53:48+00:00","dateModified":"2022-09-29T09:34:43+00:00","description":"The Language Academy bietet Online-Sprachkurse von akademischem Niveau mit steiler Lernkurve und ergebnisorientierten Lektionen.","breadcrumb":{"@id":"https:\/\/test.thelanguageacademy.nl\/de\/allgemeine-anmeldebedingungen\/#breadcrumb"},"inLanguage":"de","potentialAction":[{"@type":"ReadAction","target":["https:\/\/test.thelanguageacademy.nl\/de\/allgemeine-anmeldebedingungen\/"]}]},{"@type":"BreadcrumbList","@id":"https:\/\/test.thelanguageacademy.nl\/de\/allgemeine-anmeldebedingungen\/#breadcrumb","itemListElement":[{"@type":"ListItem","position":1,"name":"Home","item":"https:\/\/test.thelanguageacademy.nl\/de\/"},{"@type":"ListItem","position":2,"name":"Allgemeine Anmeldebedingungen"}]},{"@type":"WebSite","@id":"https:\/\/test.thelanguageacademy.nl\/de\/#website","url":"https:\/\/test.thelanguageacademy.nl\/de\/","name":"The Language Academy","description":"elearning","potentialAction":[{"@type":"SearchAction","target":{"@type":"EntryPoint","urlTemplate":"https:\/\/test.thelanguageacademy.nl\/de\/?s={search_term_string}"},"query-input":"required name=search_term_string"}],"inLanguage":"de"}]}},"_links":{"self":[{"href":"https:\/\/test.thelanguageacademy.nl\/de\/wp-json\/wp\/v2\/pages\/863"}],"collection":[{"href":"https:\/\/test.thelanguageacademy.nl\/de\/wp-json\/wp\/v2\/pages"}],"about":[{"href":"https:\/\/test.thelanguageacademy.nl\/de\/wp-json\/wp\/v2\/types\/page"}],"author":[{"embeddable":true,"href":"https:\/\/test.thelanguageacademy.nl\/de\/wp-json\/wp\/v2\/users\/4"}],"replies":[{"embeddable":true,"href":"https:\/\/test.thelanguageacademy.nl\/de\/wp-json\/wp\/v2\/comments?post=863"}],"version-history":[{"count":22,"href":"https:\/\/test.thelanguageacademy.nl\/de\/wp-json\/wp\/v2\/pages\/863\/revisions"}],"predecessor-version":[{"id":4025,"href":"https:\/\/test.thelanguageacademy.nl\/de\/wp-json\/wp\/v2\/pages\/863\/revisions\/4025"}],"wp:attachment":[{"href":"https:\/\/test.thelanguageacademy.nl\/de\/wp-json\/wp\/v2\/media?parent=863"}],"curies":[{"name":"wp","href":"https:\/\/api.w.org\/{rel}","templated":true}]}}