{"id":860,"date":"2018-05-24T11:52:42","date_gmt":"2018-05-24T09:52:42","guid":{"rendered":"https:\/\/www.thelanguageacademy.nl\/?page_id=860"},"modified":"2024-02-12T13:11:26","modified_gmt":"2024-02-12T12:11:26","slug":"ueber-language-academy","status":"publish","type":"page","link":"https:\/\/test.thelanguageacademy.nl\/de\/ueber-language-academy\/","title":{"rendered":"The Language Academy"},"content":{"rendered":"<p>The Language Academy bietet Online-Sprachkurse von akademischem Niveau mit steiler Lernkurve und ergebnisorientierten Lektionen. The Language Academy wurde von <a href=\"https:\/\/www.uvatalen.nl\/de\">UvA Talen<\/a> entwickelt, dem selbstst\u00e4ndigen Sprachenzentrum der Universiteit van Amsterdam.<\/p>\n<p><strong>\u00dcber UvA Talen<\/strong><br \/>\nUvA Talen bietet ein umfangreiches Paket an Gruppensprachkursen, Kursen nach Ma\u00df und Privatkursen f\u00fcr Gesch\u00e4fts- und Privatkunden.<\/p>\n","protected":false},"excerpt":{"rendered":"<p>The Language Academy bietet Online-Sprachkurse von akademischem Niveau mit steiler Lernkurve und ergebnisorientierten Lektionen. The Language Academy wurde von UvA Talen entwickelt, dem selbstst\u00e4ndigen Sprachenzentrum der Universiteit van Amsterdam. \u00dcber UvA Talen UvA Talen bietet ein umfangreiches Paket an Gruppensprachkursen, Kursen nach Ma\u00df und Privatkursen f\u00fcr Gesch\u00e4fts- und Privatkunden.<\/p>\n","protected":false},"author":4,"featured_media":862,"parent":0,"menu_order":0,"comment_status":"closed","ping_status":"closed","template":"template-regularpage.php","meta":[],"acf":[],"yoast_head":"<!-- This site is optimized with the Yoast SEO plugin v21.1 - https:\/\/yoast.com\/wordpress\/plugins\/seo\/ -->\n<title>Online-Sprachkurse - The Language Academy<\/title>\n<meta name=\"description\" content=\"The Language Academy wurde von UvA Talen entwickelt, dem selbstst\u00e4ndigen Sprachenzentrum der Universiteit van Amsterdam. Gratis ausprobieren!\" \/>\n<meta name=\"robots\" content=\"index, follow, max-snippet:-1, max-image-preview:large, max-video-preview:-1\" \/>\n<link rel=\"canonical\" href=\"https:\/\/test.thelanguageacademy.nl\/de\/ueber-language-academy\/\" \/>\n<meta property=\"og:locale\" content=\"de_DE\" \/>\n<meta property=\"og:type\" content=\"article\" \/>\n<meta property=\"og:title\" content=\"Online-Sprachkurse - The Language Academy\" \/>\n<meta property=\"og:description\" content=\"The Language Academy wurde von UvA Talen entwickelt, dem selbstst\u00e4ndigen Sprachenzentrum der Universiteit van Amsterdam. Gratis ausprobieren!\" \/>\n<meta property=\"og:url\" content=\"https:\/\/test.thelanguageacademy.nl\/de\/ueber-language-academy\/\" \/>\n<meta property=\"og:site_name\" content=\"The Language Academy\" \/>\n<meta property=\"article:modified_time\" content=\"2024-02-12T12:11:26+00:00\" \/>\n<meta property=\"og:image\" content=\"https:\/\/www.thelanguageacademy.nl\/CookieTest\/wp-content\/uploads\/2017\/11\/salonboot.jpg\" \/>\n\t<meta property=\"og:image:width\" content=\"4800\" \/>\n\t<meta property=\"og:image:height\" content=\"2700\" \/>\n\t<meta property=\"og:image:type\" content=\"image\/jpeg\" \/>\n<meta name=\"twitter:card\" content=\"summary_large_image\" \/>\n<meta name=\"twitter:label1\" content=\"Gesch\u00e4tzte Lesezeit\" \/>\n\t<meta name=\"twitter:data1\" content=\"1\u00a0Minute\" \/>\n<script type=\"application\/ld+json\" class=\"yoast-schema-graph\">{\"@context\":\"https:\/\/schema.org\",\"@graph\":[{\"@type\":\"WebPage\",\"@id\":\"https:\/\/test.thelanguageacademy.nl\/de\/ueber-language-academy\/\",\"url\":\"https:\/\/test.thelanguageacademy.nl\/de\/ueber-language-academy\/\",\"name\":\"Online-Sprachkurse - The Language Academy\",\"isPartOf\":{\"@id\":\"https:\/\/test.thelanguageacademy.nl\/de\/#website\"},\"datePublished\":\"2018-05-24T09:52:42+00:00\",\"dateModified\":\"2024-02-12T12:11:26+00:00\",\"description\":\"The Language Academy wurde von UvA Talen entwickelt, dem selbstst\u00e4ndigen Sprachenzentrum der Universiteit van Amsterdam. Gratis ausprobieren!\",\"breadcrumb\":{\"@id\":\"https:\/\/test.thelanguageacademy.nl\/de\/ueber-language-academy\/#breadcrumb\"},\"inLanguage\":\"de\",\"potentialAction\":[{\"@type\":\"ReadAction\",\"target\":[\"https:\/\/test.thelanguageacademy.nl\/de\/ueber-language-academy\/\"]}]},{\"@type\":\"BreadcrumbList\",\"@id\":\"https:\/\/test.thelanguageacademy.nl\/de\/ueber-language-academy\/#breadcrumb\",\"itemListElement\":[{\"@type\":\"ListItem\",\"position\":1,\"name\":\"Home\",\"item\":\"https:\/\/test.thelanguageacademy.nl\/de\/\"},{\"@type\":\"ListItem\",\"position\":2,\"name\":\"The Language Academy\"}]},{\"@type\":\"WebSite\",\"@id\":\"https:\/\/test.thelanguageacademy.nl\/de\/#website\",\"url\":\"https:\/\/test.thelanguageacademy.nl\/de\/\",\"name\":\"The Language Academy\",\"description\":\"elearning\",\"potentialAction\":[{\"@type\":\"SearchAction\",\"target\":{\"@type\":\"EntryPoint\",\"urlTemplate\":\"https:\/\/test.thelanguageacademy.nl\/de\/?s={search_term_string}\"},\"query-input\":\"required name=search_term_string\"}],\"inLanguage\":\"de\"}]}<\/script>\n<!-- \/ Yoast SEO plugin. -->","yoast_head_json":{"title":"Online-Sprachkurse - The Language Academy","description":"The Language Academy wurde von UvA Talen entwickelt, dem selbstst\u00e4ndigen Sprachenzentrum der Universiteit van Amsterdam. Gratis ausprobieren!","robots":{"index":"index","follow":"follow","max-snippet":"max-snippet:-1","max-image-preview":"max-image-preview:large","max-video-preview":"max-video-preview:-1"},"canonical":"https:\/\/test.thelanguageacademy.nl\/de\/ueber-language-academy\/","og_locale":"de_DE","og_type":"article","og_title":"Online-Sprachkurse - The Language Academy","og_description":"The Language Academy wurde von UvA Talen entwickelt, dem selbstst\u00e4ndigen Sprachenzentrum der Universiteit van Amsterdam. Gratis ausprobieren!","og_url":"https:\/\/test.thelanguageacademy.nl\/de\/ueber-language-academy\/","og_site_name":"The Language Academy","article_modified_time":"2024-02-12T12:11:26+00:00","og_image":[{"width":4800,"height":2700,"url":"https:\/\/www.thelanguageacademy.nl\/CookieTest\/wp-content\/uploads\/2017\/11\/salonboot.jpg","type":"image\/jpeg"}],"twitter_card":"summary_large_image","twitter_misc":{"Gesch\u00e4tzte Lesezeit":"1\u00a0Minute"},"schema":{"@context":"https:\/\/schema.org","@graph":[{"@type":"WebPage","@id":"https:\/\/test.thelanguageacademy.nl\/de\/ueber-language-academy\/","url":"https:\/\/test.thelanguageacademy.nl\/de\/ueber-language-academy\/","name":"Online-Sprachkurse - The Language Academy","isPartOf":{"@id":"https:\/\/test.thelanguageacademy.nl\/de\/#website"},"datePublished":"2018-05-24T09:52:42+00:00","dateModified":"2024-02-12T12:11:26+00:00","description":"The Language Academy wurde von UvA Talen entwickelt, dem selbstst\u00e4ndigen Sprachenzentrum der Universiteit van Amsterdam. Gratis ausprobieren!","breadcrumb":{"@id":"https:\/\/test.thelanguageacademy.nl\/de\/ueber-language-academy\/#breadcrumb"},"inLanguage":"de","potentialAction":[{"@type":"ReadAction","target":["https:\/\/test.thelanguageacademy.nl\/de\/ueber-language-academy\/"]}]},{"@type":"BreadcrumbList","@id":"https:\/\/test.thelanguageacademy.nl\/de\/ueber-language-academy\/#breadcrumb","itemListElement":[{"@type":"ListItem","position":1,"name":"Home","item":"https:\/\/test.thelanguageacademy.nl\/de\/"},{"@type":"ListItem","position":2,"name":"The Language Academy"}]},{"@type":"WebSite","@id":"https:\/\/test.thelanguageacademy.nl\/de\/#website","url":"https:\/\/test.thelanguageacademy.nl\/de\/","name":"The Language Academy","description":"elearning","potentialAction":[{"@type":"SearchAction","target":{"@type":"EntryPoint","urlTemplate":"https:\/\/test.thelanguageacademy.nl\/de\/?s={search_term_string}"},"query-input":"required name=search_term_string"}],"inLanguage":"de"}]}},"_links":{"self":[{"href":"https:\/\/test.thelanguageacademy.nl\/de\/wp-json\/wp\/v2\/pages\/860"}],"collection":[{"href":"https:\/\/test.thelanguageacademy.nl\/de\/wp-json\/wp\/v2\/pages"}],"about":[{"href":"https:\/\/test.thelanguageacademy.nl\/de\/wp-json\/wp\/v2\/types\/page"}],"author":[{"embeddable":true,"href":"https:\/\/test.thelanguageacademy.nl\/de\/wp-json\/wp\/v2\/users\/4"}],"replies":[{"embeddable":true,"href":"https:\/\/test.thelanguageacademy.nl\/de\/wp-json\/wp\/v2\/comments?post=860"}],"version-history":[{"count":11,"href":"https:\/\/test.thelanguageacademy.nl\/de\/wp-json\/wp\/v2\/pages\/860\/revisions"}],"predecessor-version":[{"id":4917,"href":"https:\/\/test.thelanguageacademy.nl\/de\/wp-json\/wp\/v2\/pages\/860\/revisions\/4917"}],"wp:featuredmedia":[{"embeddable":true,"href":"https:\/\/test.thelanguageacademy.nl\/de\/wp-json\/wp\/v2\/media\/862"}],"wp:attachment":[{"href":"https:\/\/test.thelanguageacademy.nl\/de\/wp-json\/wp\/v2\/media?parent=860"}],"curies":[{"name":"wp","href":"https:\/\/api.w.org\/{rel}","templated":true}]}}