{"id":857,"date":"2018-05-24T11:51:15","date_gmt":"2018-05-24T09:51:15","guid":{"rendered":"https:\/\/www.thelanguageacademy.nl\/?page_id=857"},"modified":"2023-12-20T12:02:32","modified_gmt":"2023-12-20T11:02:32","slug":"sprachkurse","status":"publish","type":"page","link":"https:\/\/test.thelanguageacademy.nl\/de\/sprachkurse\/","title":{"rendered":"Sprachkurse"},"content":{"rendered":"<p>&nbsp;<\/p>\r\n<p>Online eine neue Sprache lernen? Dann sind Sie bei The Language Academy genau richtig!<\/p>\r\n<p><em>\u00dcberzeugende Charaktere<\/em><br \/>Sie begleiten vier junge Berufst\u00e4tige, die in Amsterdam wohnen. Sie erleben die jungen Berufst\u00e4tigen in allt\u00e4glichen Situationen und lernen S\u00e4tze, die Sie sofort in der Praxis anwenden k\u00f6nnen.<\/p>\r\n<p><em>Akademisches Niveau<\/em><br \/>The Language Academy wurde 2018 von UvA Talen entwickelt, dem selbstst\u00e4ndigen Sprachenzentrum der Universiteit van Amsterdam. The Language Academy bietet Online-Sprachkurse von akademischem Niveau mit steiler Lernkurve und ergebnisorientierten Lektionen.<\/p>\r\n<p><em>Einfach &amp; Spielerisch<\/em><br \/>Die hochqualitativen Kurse von The Language Academy vermitteln Ihnen die Sprache auf dynamische Weise. Das neue Wissen wird mit unterschiedlichen \u00dcbungen gepr\u00fcft und die Aussprache wird anhand von Videos und Audiofragmenten ge\u00fcbt.<\/p>\r\n<p>&nbsp;<\/p>\r\n<p><em><strong>Momentan bieten wir Niederl\u00e4ndisch-, Englisch-, Deutsch-, Franz\u00f6sich-, Italienisch- und Spanischkurse. Dieses Angebot wird in K\u00fcrze erweitert. Folgen Sie uns auf <a href=\"https:\/\/www.instagram.com\/uvatalen\/\">Instagram<\/a> und <a href=\"https:\/\/www.facebook.com\/UvATalen\/?locale=nl_NL\">Facebook<\/a>\u00a0f\u00fcr aktuelle Neuigkeiten.<\/strong><\/em><\/p>\r\n\r\n<p>&nbsp;<\/p>\r\n","protected":false},"excerpt":{"rendered":"<p>&nbsp; Online eine neue Sprache lernen? Dann sind Sie bei The Language Academy genau richtig! \u00dcberzeugende CharaktereSie begleiten vier junge Berufst\u00e4tige, die in Amsterdam wohnen. Sie erleben die jungen Berufst\u00e4tigen in allt\u00e4glichen Situationen und lernen S\u00e4tze, die Sie sofort in der Praxis anwenden k\u00f6nnen. Akademisches NiveauThe Language Academy wurde 2018 von UvA Talen entwickelt, dem [&hellip;]<\/p>\n","protected":false},"author":4,"featured_media":859,"parent":0,"menu_order":0,"comment_status":"closed","ping_status":"closed","template":"template-taaltrainingen.php","meta":[],"acf":[],"yoast_head":"<!-- This site is optimized with the Yoast SEO plugin v21.1 - https:\/\/yoast.com\/wordpress\/plugins\/seo\/ -->\n<title>Online Sprachkurse - The Language Academy<\/title>\n<meta name=\"description\" content=\"Online eine neue Sprache lernen? Dann sind Sie bei The Language Academy genau richtig. Inklusive Zertifikat. Gratis ausprobieren!\" \/>\n<meta name=\"robots\" content=\"index, follow, max-snippet:-1, max-image-preview:large, max-video-preview:-1\" \/>\n<link rel=\"canonical\" href=\"https:\/\/test.thelanguageacademy.nl\/de\/sprachkurse\/\" \/>\n<meta property=\"og:locale\" content=\"de_DE\" \/>\n<meta property=\"og:type\" content=\"article\" \/>\n<meta property=\"og:title\" content=\"Online Sprachkurse - The Language Academy\" \/>\n<meta property=\"og:description\" content=\"Online eine neue Sprache lernen? Dann sind Sie bei The Language Academy genau richtig. Inklusive Zertifikat. Gratis ausprobieren!\" \/>\n<meta property=\"og:url\" content=\"https:\/\/test.thelanguageacademy.nl\/de\/sprachkurse\/\" \/>\n<meta property=\"og:site_name\" content=\"The Language Academy\" \/>\n<meta property=\"article:modified_time\" content=\"2023-12-20T11:02:32+00:00\" \/>\n<meta property=\"og:image\" content=\"https:\/\/www.thelanguageacademy.nl\/CookieTest\/wp-content\/uploads\/2021\/11\/Anna-laptop-ON-2021-Fb-juiste-format.jpg\" \/>\n\t<meta property=\"og:image:width\" content=\"1200\" \/>\n\t<meta property=\"og:image:height\" content=\"675\" \/>\n\t<meta property=\"og:image:type\" content=\"image\/jpeg\" \/>\n<meta name=\"twitter:card\" content=\"summary_large_image\" \/>\n<meta name=\"twitter:label1\" content=\"Gesch\u00e4tzte Lesezeit\" \/>\n\t<meta name=\"twitter:data1\" content=\"1\u00a0Minute\" \/>\n<script type=\"application\/ld+json\" class=\"yoast-schema-graph\">{\"@context\":\"https:\/\/schema.org\",\"@graph\":[{\"@type\":\"WebPage\",\"@id\":\"https:\/\/test.thelanguageacademy.nl\/de\/sprachkurse\/\",\"url\":\"https:\/\/test.thelanguageacademy.nl\/de\/sprachkurse\/\",\"name\":\"Online Sprachkurse - The Language Academy\",\"isPartOf\":{\"@id\":\"https:\/\/test.thelanguageacademy.nl\/de\/#website\"},\"datePublished\":\"2018-05-24T09:51:15+00:00\",\"dateModified\":\"2023-12-20T11:02:32+00:00\",\"description\":\"Online eine neue Sprache lernen? Dann sind Sie bei The Language Academy genau richtig. Inklusive Zertifikat. Gratis ausprobieren!\",\"breadcrumb\":{\"@id\":\"https:\/\/test.thelanguageacademy.nl\/de\/sprachkurse\/#breadcrumb\"},\"inLanguage\":\"de\",\"potentialAction\":[{\"@type\":\"ReadAction\",\"target\":[\"https:\/\/test.thelanguageacademy.nl\/de\/sprachkurse\/\"]}]},{\"@type\":\"BreadcrumbList\",\"@id\":\"https:\/\/test.thelanguageacademy.nl\/de\/sprachkurse\/#breadcrumb\",\"itemListElement\":[{\"@type\":\"ListItem\",\"position\":1,\"name\":\"Home\",\"item\":\"https:\/\/test.thelanguageacademy.nl\/de\/\"},{\"@type\":\"ListItem\",\"position\":2,\"name\":\"Sprachkurse\"}]},{\"@type\":\"WebSite\",\"@id\":\"https:\/\/test.thelanguageacademy.nl\/de\/#website\",\"url\":\"https:\/\/test.thelanguageacademy.nl\/de\/\",\"name\":\"The Language Academy\",\"description\":\"elearning\",\"potentialAction\":[{\"@type\":\"SearchAction\",\"target\":{\"@type\":\"EntryPoint\",\"urlTemplate\":\"https:\/\/test.thelanguageacademy.nl\/de\/?s={search_term_string}\"},\"query-input\":\"required name=search_term_string\"}],\"inLanguage\":\"de\"}]}<\/script>\n<!-- \/ Yoast SEO plugin. -->","yoast_head_json":{"title":"Online Sprachkurse - The Language Academy","description":"Online eine neue Sprache lernen? Dann sind Sie bei The Language Academy genau richtig. Inklusive Zertifikat. Gratis ausprobieren!","robots":{"index":"index","follow":"follow","max-snippet":"max-snippet:-1","max-image-preview":"max-image-preview:large","max-video-preview":"max-video-preview:-1"},"canonical":"https:\/\/test.thelanguageacademy.nl\/de\/sprachkurse\/","og_locale":"de_DE","og_type":"article","og_title":"Online Sprachkurse - The Language Academy","og_description":"Online eine neue Sprache lernen? Dann sind Sie bei The Language Academy genau richtig. Inklusive Zertifikat. Gratis ausprobieren!","og_url":"https:\/\/test.thelanguageacademy.nl\/de\/sprachkurse\/","og_site_name":"The Language Academy","article_modified_time":"2023-12-20T11:02:32+00:00","og_image":[{"width":1200,"height":675,"url":"https:\/\/www.thelanguageacademy.nl\/CookieTest\/wp-content\/uploads\/2021\/11\/Anna-laptop-ON-2021-Fb-juiste-format.jpg","type":"image\/jpeg"}],"twitter_card":"summary_large_image","twitter_misc":{"Gesch\u00e4tzte Lesezeit":"1\u00a0Minute"},"schema":{"@context":"https:\/\/schema.org","@graph":[{"@type":"WebPage","@id":"https:\/\/test.thelanguageacademy.nl\/de\/sprachkurse\/","url":"https:\/\/test.thelanguageacademy.nl\/de\/sprachkurse\/","name":"Online Sprachkurse - The Language Academy","isPartOf":{"@id":"https:\/\/test.thelanguageacademy.nl\/de\/#website"},"datePublished":"2018-05-24T09:51:15+00:00","dateModified":"2023-12-20T11:02:32+00:00","description":"Online eine neue Sprache lernen? Dann sind Sie bei The Language Academy genau richtig. Inklusive Zertifikat. Gratis ausprobieren!","breadcrumb":{"@id":"https:\/\/test.thelanguageacademy.nl\/de\/sprachkurse\/#breadcrumb"},"inLanguage":"de","potentialAction":[{"@type":"ReadAction","target":["https:\/\/test.thelanguageacademy.nl\/de\/sprachkurse\/"]}]},{"@type":"BreadcrumbList","@id":"https:\/\/test.thelanguageacademy.nl\/de\/sprachkurse\/#breadcrumb","itemListElement":[{"@type":"ListItem","position":1,"name":"Home","item":"https:\/\/test.thelanguageacademy.nl\/de\/"},{"@type":"ListItem","position":2,"name":"Sprachkurse"}]},{"@type":"WebSite","@id":"https:\/\/test.thelanguageacademy.nl\/de\/#website","url":"https:\/\/test.thelanguageacademy.nl\/de\/","name":"The Language Academy","description":"elearning","potentialAction":[{"@type":"SearchAction","target":{"@type":"EntryPoint","urlTemplate":"https:\/\/test.thelanguageacademy.nl\/de\/?s={search_term_string}"},"query-input":"required name=search_term_string"}],"inLanguage":"de"}]}},"_links":{"self":[{"href":"https:\/\/test.thelanguageacademy.nl\/de\/wp-json\/wp\/v2\/pages\/857"}],"collection":[{"href":"https:\/\/test.thelanguageacademy.nl\/de\/wp-json\/wp\/v2\/pages"}],"about":[{"href":"https:\/\/test.thelanguageacademy.nl\/de\/wp-json\/wp\/v2\/types\/page"}],"author":[{"embeddable":true,"href":"https:\/\/test.thelanguageacademy.nl\/de\/wp-json\/wp\/v2\/users\/4"}],"replies":[{"embeddable":true,"href":"https:\/\/test.thelanguageacademy.nl\/de\/wp-json\/wp\/v2\/comments?post=857"}],"version-history":[{"count":20,"href":"https:\/\/test.thelanguageacademy.nl\/de\/wp-json\/wp\/v2\/pages\/857\/revisions"}],"predecessor-version":[{"id":4901,"href":"https:\/\/test.thelanguageacademy.nl\/de\/wp-json\/wp\/v2\/pages\/857\/revisions\/4901"}],"wp:featuredmedia":[{"embeddable":true,"href":"https:\/\/test.thelanguageacademy.nl\/de\/wp-json\/wp\/v2\/media\/859"}],"wp:attachment":[{"href":"https:\/\/test.thelanguageacademy.nl\/de\/wp-json\/wp\/v2\/media?parent=857"}],"curies":[{"name":"wp","href":"https:\/\/api.w.org\/{rel}","templated":true}]}}