{"id":3047,"date":"2022-02-10T10:22:29","date_gmt":"2022-02-10T09:22:29","guid":{"rendered":"https:\/\/www.thelanguageacademy.nl\/?page_id=3047"},"modified":"2022-10-13T14:22:17","modified_gmt":"2022-10-13T12:22:17","slug":"konversationsstunden-niederlaendisch","status":"publish","type":"page","link":"https:\/\/test.thelanguageacademy.nl\/de\/konversationsstunden-niederlaendisch\/","title":{"rendered":"Konversationsstunden Niederl\u00e4ndisch"},"content":{"rendered":"<p><strong><span style=\"color: #800000;\">Kombinieren Sie die Vorteile des eigenst\u00e4ndigen Lernens mit Online-Konversationsstunden Niederl\u00e4ndisch bei einem erfahrenen Sprachlehrer von <a href=\"https:\/\/www.thelanguageacademy.nl\/de\/ueber-language-academy\/\" target=\"_blank\" rel=\"noopener noreferrer\"><span style=\"color: #000000;\">UvA Talen<\/span><\/a>. Die W\u00f6rter und S\u00e4tze, die Sie w\u00e4hrend des E-Learning-Kurses Niederl\u00e4ndisch lernen, \u00fcben Sie dann live mit einem Lehrer.<\/span><\/strong><\/p>\n<p><strong>E-Learning-Kurs Niederl\u00e4ndisch<\/strong><br \/>\nIn elf aufeinander aufbauenden Lektionen durchlaufen Sie Ihren E-Learning-Kurs Niederl\u00e4ndisch: in Ihrem eigenen Tempo, wo und wann Sie wollen. Sie lernen neue W\u00f6rter und Grammatik und trainieren Ihre Lese- und Schreibkompetenz und die Aussprache von W\u00f6rtern und Lauten. Dar\u00fcber hinaus \u00fcben Sie die Bildung von S\u00e4tzen.<\/p>\n<p><strong>In Kombination mit ma\u00dfgeschneiderten Konversationsstunden Niederl\u00e4ndisch<\/strong><br \/>\nIn einer Eins-zu-Eins-Konversationsstunde k\u00f6nnen Sie Ihre Sprechfertigkeit ausgiebig trainieren. Bei den Anf\u00e4ngerkursen wird in den Einzelstunden Niederl\u00e4ndisch schwerpunktm\u00e4\u00dfig die Aussprache von Lauten und W\u00f6rtern ge\u00fcbt. Sie lernen einfache S\u00e4tze auszusprechen und einfache Fragen zu beantworten. Sie k\u00f6nnen zum Beispiel \u00fcben, wie man sich vorstellt, wie man in einem Restaurant Essen bestellt oder wie man etwas \u00fcber seine Arbeit oder Freizeit erz\u00e4hlt.<\/p>\n<p>Ab dem Niveau B1 liegt der Schwerpunkt darauf, ausf\u00fchrlichere Gespr\u00e4che zu \u00fcben. Sie lernen schwierigere Satzkonstruktionen zu verwenden und k\u00f6nnen zum Beispiel ein Telefongespr\u00e4ch oder ein Bewerbungsgespr\u00e4ch simulieren. Sie k\u00f6nnen selber ausw\u00e4hlen, was genau Sie w\u00e4hrend der Online-Einzelstunden Niederl\u00e4ndisch \u00fcben m\u00f6chten. Der Lehrer steht f\u00fcr Sie bereit und gestaltet die Stunden nach Ihren W\u00fcnschen.<\/p>\n<p><strong>5 oder 10 Konversationsstunden Niederl\u00e4ndisch<\/strong><br \/>\nW\u00e4hlen Sie aus einem Paket von 5 oder 10 Einzelstunden Niederl\u00e4ndisch in Kombination mit einem sechs- bis zw\u00f6lfmonatigen E-Learning-Kurs. Die Unterrichtseinheiten dauern 60 Minuten und finden auf einer digitalen Plattform statt (wird in Absprache festgelegt).<\/p>\n<p><strong>Flexible Terminwahl<\/strong><br \/>\nDie Termine f\u00fcr die Konversationsstunden Niederl\u00e4ndisch legen wir in Absprache mit Ihnen und dem Lehrer fest. Die Stunden k\u00f6nnen \u00fcber die gesamte Laufzeit Ihres Niederl\u00e4ndischkurses (6 oder 12 Monate) stattfinden.<\/p>\n<p><strong>Anmeldung<\/strong><br \/>\nKlicken Sie hier auf den Niederl\u00e4ndischkurs, der Ihnen zusagt, und melden Sie sich gleich an! Sie sind sich nicht sicher, welches Sprachniveau Sie haben? Auf jeder Kursseite gibt es einen Link zu einer Demoversion des jeweiligen Kurses.<\/p>\n<p><strong>Fragen?<\/strong><br \/>\nSie haben Fragen? Bitte setzen Sie sich f\u00fcr weitere Informationen mit uns <a href=\"https:\/\/www.thelanguageacademy.nl\/de\/kontakt\/kontaktformular\/\">in Verbindung<\/a>.<\/p>\n","protected":false},"excerpt":{"rendered":"<p>Kombinieren Sie die Vorteile des eigenst\u00e4ndigen Lernens mit Online-Konversationsstunden Niederl\u00e4ndisch bei einem erfahrenen Sprachlehrer von UvA Talen. Die W\u00f6rter und S\u00e4tze, die Sie w\u00e4hrend des E-Learning-Kurses Niederl\u00e4ndisch lernen, \u00fcben Sie dann live mit einem Lehrer. E-Learning-Kurs Niederl\u00e4ndisch In elf aufeinander aufbauenden Lektionen durchlaufen Sie Ihren E-Learning-Kurs Niederl\u00e4ndisch: in Ihrem eigenen Tempo, wo und wann Sie [&hellip;]<\/p>\n","protected":false},"author":4,"featured_media":4304,"parent":0,"menu_order":0,"comment_status":"closed","ping_status":"closed","template":"template-online-teacher.php","meta":[],"acf":[],"yoast_head":"<!-- This site is optimized with the Yoast SEO plugin v21.1 - https:\/\/yoast.com\/wordpress\/plugins\/seo\/ -->\n<title>Konversationsstunden Niederl\u00e4ndisch - The Language Academy<\/title>\n<meta name=\"description\" content=\"Kombinieren Sie Ihren E-Learning-Kurs Niederl\u00e4ndisch mit Konversationsstunden bei einem Lehrer. Sie bestimmen Tempo und Inhalt der Einzelstunden\" \/>\n<meta name=\"robots\" content=\"index, follow, max-snippet:-1, max-image-preview:large, max-video-preview:-1\" \/>\n<link rel=\"canonical\" href=\"https:\/\/test.thelanguageacademy.nl\/de\/konversationsstunden-niederlaendisch\/\" \/>\n<meta property=\"og:locale\" content=\"de_DE\" \/>\n<meta property=\"og:type\" content=\"article\" \/>\n<meta property=\"og:title\" content=\"Konversationsstunden Niederl\u00e4ndisch - The Language Academy\" \/>\n<meta property=\"og:description\" content=\"Kombinieren Sie Ihren E-Learning-Kurs Niederl\u00e4ndisch mit Konversationsstunden bei einem Lehrer. Sie bestimmen Tempo und Inhalt der Einzelstunden\" \/>\n<meta property=\"og:url\" content=\"https:\/\/test.thelanguageacademy.nl\/de\/konversationsstunden-niederlaendisch\/\" \/>\n<meta property=\"og:site_name\" content=\"The Language Academy\" \/>\n<meta property=\"article:modified_time\" content=\"2022-10-13T12:22:17+00:00\" \/>\n<meta property=\"og:image\" content=\"https:\/\/www.thelanguageacademy.nl\/CookieTest\/wp-content\/uploads\/2022\/11\/UvA_TLA_DEF_4K_CLEAN-0-00-24-22-1-scaled.jpg\" \/>\n\t<meta property=\"og:image:width\" content=\"2560\" \/>\n\t<meta property=\"og:image:height\" content=\"1037\" \/>\n\t<meta property=\"og:image:type\" content=\"image\/jpeg\" \/>\n<meta name=\"twitter:card\" content=\"summary_large_image\" \/>\n<meta name=\"twitter:label1\" content=\"Gesch\u00e4tzte Lesezeit\" \/>\n\t<meta name=\"twitter:data1\" content=\"2\u00a0Minuten\" \/>\n<script type=\"application\/ld+json\" class=\"yoast-schema-graph\">{\"@context\":\"https:\/\/schema.org\",\"@graph\":[{\"@type\":\"WebPage\",\"@id\":\"https:\/\/test.thelanguageacademy.nl\/de\/konversationsstunden-niederlaendisch\/\",\"url\":\"https:\/\/test.thelanguageacademy.nl\/de\/konversationsstunden-niederlaendisch\/\",\"name\":\"Konversationsstunden Niederl\u00e4ndisch - The Language Academy\",\"isPartOf\":{\"@id\":\"https:\/\/test.thelanguageacademy.nl\/de\/#website\"},\"datePublished\":\"2022-02-10T09:22:29+00:00\",\"dateModified\":\"2022-10-13T12:22:17+00:00\",\"description\":\"Kombinieren Sie Ihren E-Learning-Kurs Niederl\u00e4ndisch mit Konversationsstunden bei einem Lehrer. Sie bestimmen Tempo und Inhalt der Einzelstunden\",\"breadcrumb\":{\"@id\":\"https:\/\/test.thelanguageacademy.nl\/de\/konversationsstunden-niederlaendisch\/#breadcrumb\"},\"inLanguage\":\"de\",\"potentialAction\":[{\"@type\":\"ReadAction\",\"target\":[\"https:\/\/test.thelanguageacademy.nl\/de\/konversationsstunden-niederlaendisch\/\"]}]},{\"@type\":\"BreadcrumbList\",\"@id\":\"https:\/\/test.thelanguageacademy.nl\/de\/konversationsstunden-niederlaendisch\/#breadcrumb\",\"itemListElement\":[{\"@type\":\"ListItem\",\"position\":1,\"name\":\"Home\",\"item\":\"https:\/\/test.thelanguageacademy.nl\/de\/\"},{\"@type\":\"ListItem\",\"position\":2,\"name\":\"Konversationsstunden Niederl\u00e4ndisch\"}]},{\"@type\":\"WebSite\",\"@id\":\"https:\/\/test.thelanguageacademy.nl\/de\/#website\",\"url\":\"https:\/\/test.thelanguageacademy.nl\/de\/\",\"name\":\"The Language Academy\",\"description\":\"elearning\",\"potentialAction\":[{\"@type\":\"SearchAction\",\"target\":{\"@type\":\"EntryPoint\",\"urlTemplate\":\"https:\/\/test.thelanguageacademy.nl\/de\/?s={search_term_string}\"},\"query-input\":\"required name=search_term_string\"}],\"inLanguage\":\"de\"}]}<\/script>\n<!-- \/ Yoast SEO plugin. -->","yoast_head_json":{"title":"Konversationsstunden Niederl\u00e4ndisch - The Language Academy","description":"Kombinieren Sie Ihren E-Learning-Kurs Niederl\u00e4ndisch mit Konversationsstunden bei einem Lehrer. Sie bestimmen Tempo und Inhalt der Einzelstunden","robots":{"index":"index","follow":"follow","max-snippet":"max-snippet:-1","max-image-preview":"max-image-preview:large","max-video-preview":"max-video-preview:-1"},"canonical":"https:\/\/test.thelanguageacademy.nl\/de\/konversationsstunden-niederlaendisch\/","og_locale":"de_DE","og_type":"article","og_title":"Konversationsstunden Niederl\u00e4ndisch - The Language Academy","og_description":"Kombinieren Sie Ihren E-Learning-Kurs Niederl\u00e4ndisch mit Konversationsstunden bei einem Lehrer. Sie bestimmen Tempo und Inhalt der Einzelstunden","og_url":"https:\/\/test.thelanguageacademy.nl\/de\/konversationsstunden-niederlaendisch\/","og_site_name":"The Language Academy","article_modified_time":"2022-10-13T12:22:17+00:00","og_image":[{"width":2560,"height":1037,"url":"https:\/\/www.thelanguageacademy.nl\/CookieTest\/wp-content\/uploads\/2022\/11\/UvA_TLA_DEF_4K_CLEAN-0-00-24-22-1-scaled.jpg","type":"image\/jpeg"}],"twitter_card":"summary_large_image","twitter_misc":{"Gesch\u00e4tzte Lesezeit":"2\u00a0Minuten"},"schema":{"@context":"https:\/\/schema.org","@graph":[{"@type":"WebPage","@id":"https:\/\/test.thelanguageacademy.nl\/de\/konversationsstunden-niederlaendisch\/","url":"https:\/\/test.thelanguageacademy.nl\/de\/konversationsstunden-niederlaendisch\/","name":"Konversationsstunden Niederl\u00e4ndisch - The Language Academy","isPartOf":{"@id":"https:\/\/test.thelanguageacademy.nl\/de\/#website"},"datePublished":"2022-02-10T09:22:29+00:00","dateModified":"2022-10-13T12:22:17+00:00","description":"Kombinieren Sie Ihren E-Learning-Kurs Niederl\u00e4ndisch mit Konversationsstunden bei einem Lehrer. Sie bestimmen Tempo und Inhalt der Einzelstunden","breadcrumb":{"@id":"https:\/\/test.thelanguageacademy.nl\/de\/konversationsstunden-niederlaendisch\/#breadcrumb"},"inLanguage":"de","potentialAction":[{"@type":"ReadAction","target":["https:\/\/test.thelanguageacademy.nl\/de\/konversationsstunden-niederlaendisch\/"]}]},{"@type":"BreadcrumbList","@id":"https:\/\/test.thelanguageacademy.nl\/de\/konversationsstunden-niederlaendisch\/#breadcrumb","itemListElement":[{"@type":"ListItem","position":1,"name":"Home","item":"https:\/\/test.thelanguageacademy.nl\/de\/"},{"@type":"ListItem","position":2,"name":"Konversationsstunden Niederl\u00e4ndisch"}]},{"@type":"WebSite","@id":"https:\/\/test.thelanguageacademy.nl\/de\/#website","url":"https:\/\/test.thelanguageacademy.nl\/de\/","name":"The Language Academy","description":"elearning","potentialAction":[{"@type":"SearchAction","target":{"@type":"EntryPoint","urlTemplate":"https:\/\/test.thelanguageacademy.nl\/de\/?s={search_term_string}"},"query-input":"required name=search_term_string"}],"inLanguage":"de"}]}},"_links":{"self":[{"href":"https:\/\/test.thelanguageacademy.nl\/de\/wp-json\/wp\/v2\/pages\/3047"}],"collection":[{"href":"https:\/\/test.thelanguageacademy.nl\/de\/wp-json\/wp\/v2\/pages"}],"about":[{"href":"https:\/\/test.thelanguageacademy.nl\/de\/wp-json\/wp\/v2\/types\/page"}],"author":[{"embeddable":true,"href":"https:\/\/test.thelanguageacademy.nl\/de\/wp-json\/wp\/v2\/users\/4"}],"replies":[{"embeddable":true,"href":"https:\/\/test.thelanguageacademy.nl\/de\/wp-json\/wp\/v2\/comments?post=3047"}],"version-history":[{"count":12,"href":"https:\/\/test.thelanguageacademy.nl\/de\/wp-json\/wp\/v2\/pages\/3047\/revisions"}],"predecessor-version":[{"id":4136,"href":"https:\/\/test.thelanguageacademy.nl\/de\/wp-json\/wp\/v2\/pages\/3047\/revisions\/4136"}],"wp:featuredmedia":[{"embeddable":true,"href":"https:\/\/test.thelanguageacademy.nl\/de\/wp-json\/wp\/v2\/media\/4304"}],"wp:attachment":[{"href":"https:\/\/test.thelanguageacademy.nl\/de\/wp-json\/wp\/v2\/media?parent=3047"}],"curies":[{"name":"wp","href":"https:\/\/api.w.org\/{rel}","templated":true}]}}