{"id":2651,"date":"2020-11-18T09:54:39","date_gmt":"2020-11-18T08:54:39","guid":{"rendered":"https:\/\/www.thelanguageacademy.nl\/?page_id=2651"},"modified":"2022-12-12T11:58:09","modified_gmt":"2022-12-12T10:58:09","slug":"geschenkgutschein","status":"publish","type":"page","link":"https:\/\/test.thelanguageacademy.nl\/de\/geschenkgutschein\/","title":{"rendered":"Geschenkgutschein"},"content":{"rendered":"<p>Wir bieten <a href=\"https:\/\/www.thelanguageacademy.nl\/de\/sprachkurse\/niederlaendisch\/\">Niederl\u00e4ndisch<\/a>-, <a href=\"https:\/\/www.thelanguageacademy.nl\/de\/sprachkurse\/englisch\/\">Englisch<\/a>-, <a href=\"https:\/\/www.thelanguageacademy.nl\/de\/sprachkurse\/deutsch\/\">Deutsch<\/a>-, <a href=\"https:\/\/www.thelanguageacademy.nl\/de\/sprachkurse\/franzoesisch\/\">Franz\u00f6sich<\/a>&#8211; und <a href=\"https:\/\/www.thelanguageacademy.nl\/de\/sprachkurse\/spanisch\/\">Spanischkurse<\/a> an.<\/p>\n<p>Hier k\u00f6nnen Sie Ihren Geschenkgutschein bestellen. Der Geschenkgutschein wird innerhalb von 3 Werktagen an den Empf\u00e4nger verschickt.<\/p>\n<p>&nbsp;<\/p>\n\n<div class=\"wpcf7 no-js\" id=\"wpcf7-f2650-o1\" lang=\"nl-NL\" dir=\"ltr\">\n<div class=\"screen-reader-response\"><p role=\"status\" aria-live=\"polite\" aria-atomic=\"true\"><\/p> <ul><\/ul><\/div>\n<form action=\"\/de\/wp-json\/wp\/v2\/pages\/2651#wpcf7-f2650-o1\" method=\"post\" class=\"wpcf7-form init\" aria-label=\"Contactformulier\" novalidate=\"novalidate\" data-status=\"init\">\n<div style=\"display: none;\">\n<input type=\"hidden\" name=\"_wpcf7\" value=\"2650\" \/>\n<input type=\"hidden\" name=\"_wpcf7_version\" value=\"5.7.7\" \/>\n<input type=\"hidden\" name=\"_wpcf7_locale\" value=\"nl_NL\" \/>\n<input type=\"hidden\" name=\"_wpcf7_unit_tag\" value=\"wpcf7-f2650-o1\" \/>\n<input type=\"hidden\" name=\"_wpcf7_container_post\" value=\"0\" \/>\n<input type=\"hidden\" name=\"_wpcf7_posted_data_hash\" value=\"\" \/>\n<input type=\"hidden\" name=\"_wpcf7_recaptcha_response\" value=\"\" \/>\n<\/div>\n<div class=\"row h_small_margins\">\n\t<div class=\"col-md-4\">\n\t\t<p><strong>Ihre Daten:<\/strong>\n\t\t<\/p>\n\t<\/div>\n\t<div class=\"col-md-8\">\n\t<\/div>\n<\/div>\n<div class=\"row h_small_margins\">\n\t<div class=\"col-md-4\">\n\t\t<p>Anrede *\n\t\t<\/p>\n\t<\/div>\n\t<div class=\"col-md-8\">\n\t\t<p><span class=\"wpcf7-form-control-wrap\" data-name=\"aanhef\"><select class=\"wpcf7-form-control wpcf7-select wpcf7-validates-as-required\" aria-required=\"true\" aria-invalid=\"false\" name=\"aanhef\"><option value=\"\">&#8212;Kies een optie&#8212;<\/option><option value=\"Herr\">Herr<\/option><option value=\"Frau\">Frau<\/option><\/select><\/span>\n\t\t<\/p>\n\t<\/div>\n<\/div>\n<div class=\"row h_small_margins\">\n\t<div class=\"col-md-4\">\n\t\t<p>Vorname *\n\t\t<\/p>\n\t<\/div>\n\t<div class=\"col-md-8\">\n\t\t<p><span class=\"wpcf7-form-control-wrap\" data-name=\"voornaam\"><input size=\"40\" class=\"wpcf7-form-control wpcf7-text wpcf7-validates-as-required\" aria-required=\"true\" aria-invalid=\"false\" value=\"\" type=\"text\" name=\"voornaam\" \/><\/span>\n\t\t<\/p>\n\t<\/div>\n<\/div>\n<div class=\"row h_small_margins\">\n\t<div class=\"col-md-4\">\n\t\t<p>Nachname *\n\t\t<\/p>\n\t<\/div>\n\t<div class=\"col-md-8\">\n\t\t<p><span class=\"wpcf7-form-control-wrap\" data-name=\"achternaam\"><input size=\"40\" class=\"wpcf7-form-control wpcf7-text wpcf7-validates-as-required\" aria-required=\"true\" aria-invalid=\"false\" value=\"\" type=\"text\" name=\"achternaam\" \/><\/span>\n\t\t<\/p>\n\t<\/div>\n<\/div>\n<div class=\"row h_small_margins\">\n\t<div class=\"col-md-4\">\n\t\t<p>E-Mail-Adresse *\n\t\t<\/p>\n\t<\/div>\n\t<div class=\"col-md-8\">\n\t\t<p><span class=\"wpcf7-form-control-wrap\" data-name=\"email\"><input size=\"40\" class=\"wpcf7-form-control wpcf7-text wpcf7-email wpcf7-validates-as-required wpcf7-validates-as-email\" aria-required=\"true\" aria-invalid=\"false\" value=\"\" type=\"email\" name=\"email\" \/><\/span>\n\t\t<\/p>\n\t<\/div>\n<\/div>\n<div class=\"row h_small_margins\">\n\t<div class=\"col-md-4\">\n\t\t<p>Gutscheincode\n\t\t<\/p>\n\t<\/div>\n\t<div class=\"col-md-8\">\n\t\t<p><span class=\"wpcf7-form-control-wrap\" data-name=\"code\"><input size=\"40\" class=\"wpcf7-form-control wpcf7-text\" aria-invalid=\"false\" value=\"\" type=\"text\" name=\"code\" \/><\/span>\n\t\t<\/p>\n\t<\/div>\n<\/div>\n<div class=\"row h_small_margins\">\n\t<div class=\"col-md-4\">\n\t\t<p>Anmerkungen (max. 150 Zeichen))\n\t\t<\/p>\n\t<\/div>\n\t<div class=\"col-md-8\">\n\t\t<p><span class=\"wpcf7-form-control-wrap\" data-name=\"opmerkingen\"><textarea cols=\"38\" rows=\"4\" maxlength=\"150\" class=\"wpcf7-form-control wpcf7-textarea\" aria-invalid=\"false\" name=\"opmerkingen\"><\/textarea><\/span>\n\t\t<\/p>\n\t<\/div>\n<\/div>\n<div class=\"row h_small_margins\">\n\t<div class=\"col-md-4\">\n\t\t<p>&nbsp;\n\t\t<\/p>\n\t<\/div>\n\t<div class=\"col-md-8\">\n\t\t<p>&nbsp;\n\t\t<\/p>\n\t<\/div>\n<\/div>\n<div class=\"row h_small_margins\">\n\t<div class=\"col-md-4\">\n\t\t<p><strong>Angaben zum Gutschein:<\/strong>\n\t\t<\/p>\n\t<\/div>\n\t<div class=\"col-md-8\">\n\t<\/div>\n<\/div>\n<div class=\"row h_small_margins\">\n\t<div class=\"col-md-4\">\n\t\t<p>Von *\n\t\t<\/p>\n\t<\/div>\n\t<div class=\"col-md-8\">\n\t\t<p><span class=\"wpcf7-form-control-wrap\" data-name=\"van\"><input size=\"40\" class=\"wpcf7-form-control wpcf7-text wpcf7-validates-as-required\" aria-required=\"true\" aria-invalid=\"false\" value=\"\" type=\"text\" name=\"van\" \/><\/span>\n\t\t<\/p>\n\t<\/div>\n<\/div>\n<div class=\"row h_small_margins\">\n\t<div class=\"col-md-4\">\n\t\t<p>F\u00fcr *\n\t\t<\/p>\n\t<\/div>\n\t<div class=\"col-md-8\">\n\t\t<p><span class=\"wpcf7-form-control-wrap\" data-name=\"ontvanger\"><input size=\"40\" class=\"wpcf7-form-control wpcf7-text wpcf7-validates-as-required\" aria-required=\"true\" aria-invalid=\"false\" value=\"\" type=\"text\" name=\"ontvanger\" \/><\/span>\n\t\t<\/p>\n\t<\/div>\n<\/div>\n<div class=\"row h_small_margins\">\n\t<div class=\"col-md-4\">\n\t\t<p>E-Mail-Adresse des Empf\u00e4ngers *\n\t\t<\/p>\n\t<\/div>\n\t<div class=\"col-md-8\">\n\t\t<p><span class=\"wpcf7-form-control-wrap\" data-name=\"email-ontvanger\"><input size=\"40\" class=\"wpcf7-form-control wpcf7-text wpcf7-email wpcf7-validates-as-required wpcf7-validates-as-email\" aria-required=\"true\" aria-invalid=\"false\" value=\"\" type=\"email\" name=\"email-ontvanger\" \/><\/span>\n\t\t<\/p>\n\t<\/div>\n<\/div>\n<div class=\"row h_small_margins\">\n\t<div class=\"col-md-4\">\n\t\t<p>Pers\u00f6nliche Nachricht (max. 150 Zeichen)\n\t\t<\/p>\n\t<\/div>\n\t<div class=\"col-md-8\">\n\t\t<p><span class=\"wpcf7-form-control-wrap\" data-name=\"boodschap\"><textarea cols=\"38\" rows=\"4\" maxlength=\"150\" class=\"wpcf7-form-control wpcf7-textarea\" aria-invalid=\"false\" name=\"boodschap\"><\/textarea><\/span>\n\t\t<\/p>\n\t<\/div>\n<\/div>\n<div class=\"row h_small_margins\">\n\t<div class=\"col-md-4\">\n\t\t<p>Welches Paket?\n\t\t<\/p>\n\t<\/div>\n\t<div class=\"col-md-8\">\n\t\t<p><span class=\"wpcf7-form-control-wrap\" data-name=\"pakket\"><select class=\"wpcf7-form-control wpcf7-select wpcf7-validates-as-required\" aria-required=\"true\" aria-invalid=\"false\" name=\"pakket\"><option value=\"\">&#8212;Kies een optie&#8212;<\/option><option value=\"Standard\">Standard<\/option><option value=\"Premium\">Premium<\/option><option value=\"Excellent\">Excellent<\/option><\/select><\/span>\n\t\t<\/p>\n\t<\/div>\n<\/div>\n<div class=\"row h_small_margins\">\n\t<div class=\"col-md-4\">\n\t\t<p>&nbsp;\n\t\t<\/p>\n\t<\/div>\n\t<div class=\"col-md-8\">\n\t\t<p>&nbsp;\n\t\t<\/p>\n\t<\/div>\n<\/div>\n<div class=\"row h_small_margins\">\n\t<div class=\"col-md-4\">\n\t<\/div>\n\t<div class=\"col-md-8\">\n\t\t<p><input class=\"wpcf7-form-control has-spinner wpcf7-submit\" type=\"submit\" value=\"Senden\" \/>\n\t\t<\/p>\n\t<\/div>\n<\/div><div class=\"wpcf7-response-output\" aria-hidden=\"true\"><\/div>\n<\/form>\n<\/div>\n\n","protected":false},"excerpt":{"rendered":"<p>Wir bieten Niederl\u00e4ndisch-, Englisch-, Deutsch-, Franz\u00f6sich&#8211; und Spanischkurse an. Hier k\u00f6nnen Sie Ihren Geschenkgutschein bestellen. Der Geschenkgutschein wird innerhalb von 3 Werktagen an den Empf\u00e4nger verschickt. &nbsp;<\/p>\n","protected":false},"author":4,"featured_media":2619,"parent":0,"menu_order":0,"comment_status":"closed","ping_status":"closed","template":"","meta":[],"acf":[],"yoast_head":"<!-- This site is optimized with the Yoast SEO plugin v21.1 - https:\/\/yoast.com\/wordpress\/plugins\/seo\/ -->\n<title>Geschenkgutschein - The Language Academy<\/title>\n<meta name=\"description\" content=\"Die hochqualitativen Kurse von The Language Academy vermitteln Ihnen die Sprache auf dynamische Weise. Hier k\u00f6nnen Sie Ihren Geschenkgutschein bestellen.\" \/>\n<meta name=\"robots\" content=\"index, follow, max-snippet:-1, max-image-preview:large, max-video-preview:-1\" \/>\n<link rel=\"canonical\" href=\"https:\/\/test.thelanguageacademy.nl\/de\/geschenkgutschein\/\" \/>\n<meta property=\"og:locale\" content=\"de_DE\" \/>\n<meta property=\"og:type\" content=\"article\" \/>\n<meta property=\"og:title\" content=\"Geschenkgutschein - The Language Academy\" \/>\n<meta property=\"og:description\" content=\"Die hochqualitativen Kurse von The Language Academy vermitteln Ihnen die Sprache auf dynamische Weise. Hier k\u00f6nnen Sie Ihren Geschenkgutschein bestellen.\" \/>\n<meta property=\"og:url\" content=\"https:\/\/test.thelanguageacademy.nl\/de\/geschenkgutschein\/\" \/>\n<meta property=\"og:site_name\" content=\"The Language Academy\" \/>\n<meta property=\"article:modified_time\" content=\"2022-12-12T10:58:09+00:00\" \/>\n<meta property=\"og:image\" content=\"https:\/\/www.thelanguageacademy.nl\/CookieTest\/wp-content\/uploads\/2020\/11\/TLA-korting-bon-generic-header-pagina.jpg\" \/>\n\t<meta property=\"og:image:width\" content=\"2560\" \/>\n\t<meta property=\"og:image:height\" content=\"1117\" \/>\n\t<meta property=\"og:image:type\" content=\"image\/jpeg\" \/>\n<meta name=\"twitter:card\" content=\"summary_large_image\" \/>\n<script type=\"application\/ld+json\" class=\"yoast-schema-graph\">{\"@context\":\"https:\/\/schema.org\",\"@graph\":[{\"@type\":\"WebPage\",\"@id\":\"https:\/\/test.thelanguageacademy.nl\/de\/geschenkgutschein\/\",\"url\":\"https:\/\/test.thelanguageacademy.nl\/de\/geschenkgutschein\/\",\"name\":\"Geschenkgutschein - The Language Academy\",\"isPartOf\":{\"@id\":\"https:\/\/test.thelanguageacademy.nl\/de\/#website\"},\"datePublished\":\"2020-11-18T08:54:39+00:00\",\"dateModified\":\"2022-12-12T10:58:09+00:00\",\"description\":\"Die hochqualitativen Kurse von The Language Academy vermitteln Ihnen die Sprache auf dynamische Weise. Hier k\u00f6nnen Sie Ihren Geschenkgutschein bestellen.\",\"breadcrumb\":{\"@id\":\"https:\/\/test.thelanguageacademy.nl\/de\/geschenkgutschein\/#breadcrumb\"},\"inLanguage\":\"de\",\"potentialAction\":[{\"@type\":\"ReadAction\",\"target\":[\"https:\/\/test.thelanguageacademy.nl\/de\/geschenkgutschein\/\"]}]},{\"@type\":\"BreadcrumbList\",\"@id\":\"https:\/\/test.thelanguageacademy.nl\/de\/geschenkgutschein\/#breadcrumb\",\"itemListElement\":[{\"@type\":\"ListItem\",\"position\":1,\"name\":\"Home\",\"item\":\"https:\/\/test.thelanguageacademy.nl\/de\/\"},{\"@type\":\"ListItem\",\"position\":2,\"name\":\"Geschenkgutschein\"}]},{\"@type\":\"WebSite\",\"@id\":\"https:\/\/test.thelanguageacademy.nl\/de\/#website\",\"url\":\"https:\/\/test.thelanguageacademy.nl\/de\/\",\"name\":\"The Language Academy\",\"description\":\"elearning\",\"potentialAction\":[{\"@type\":\"SearchAction\",\"target\":{\"@type\":\"EntryPoint\",\"urlTemplate\":\"https:\/\/test.thelanguageacademy.nl\/de\/?s={search_term_string}\"},\"query-input\":\"required name=search_term_string\"}],\"inLanguage\":\"de\"}]}<\/script>\n<!-- \/ Yoast SEO plugin. -->","yoast_head_json":{"title":"Geschenkgutschein - The Language Academy","description":"Die hochqualitativen Kurse von The Language Academy vermitteln Ihnen die Sprache auf dynamische Weise. Hier k\u00f6nnen Sie Ihren Geschenkgutschein bestellen.","robots":{"index":"index","follow":"follow","max-snippet":"max-snippet:-1","max-image-preview":"max-image-preview:large","max-video-preview":"max-video-preview:-1"},"canonical":"https:\/\/test.thelanguageacademy.nl\/de\/geschenkgutschein\/","og_locale":"de_DE","og_type":"article","og_title":"Geschenkgutschein - The Language Academy","og_description":"Die hochqualitativen Kurse von The Language Academy vermitteln Ihnen die Sprache auf dynamische Weise. Hier k\u00f6nnen Sie Ihren Geschenkgutschein bestellen.","og_url":"https:\/\/test.thelanguageacademy.nl\/de\/geschenkgutschein\/","og_site_name":"The Language Academy","article_modified_time":"2022-12-12T10:58:09+00:00","og_image":[{"width":2560,"height":1117,"url":"https:\/\/www.thelanguageacademy.nl\/CookieTest\/wp-content\/uploads\/2020\/11\/TLA-korting-bon-generic-header-pagina.jpg","type":"image\/jpeg"}],"twitter_card":"summary_large_image","schema":{"@context":"https:\/\/schema.org","@graph":[{"@type":"WebPage","@id":"https:\/\/test.thelanguageacademy.nl\/de\/geschenkgutschein\/","url":"https:\/\/test.thelanguageacademy.nl\/de\/geschenkgutschein\/","name":"Geschenkgutschein - The Language Academy","isPartOf":{"@id":"https:\/\/test.thelanguageacademy.nl\/de\/#website"},"datePublished":"2020-11-18T08:54:39+00:00","dateModified":"2022-12-12T10:58:09+00:00","description":"Die hochqualitativen Kurse von The Language Academy vermitteln Ihnen die Sprache auf dynamische Weise. Hier k\u00f6nnen Sie Ihren Geschenkgutschein bestellen.","breadcrumb":{"@id":"https:\/\/test.thelanguageacademy.nl\/de\/geschenkgutschein\/#breadcrumb"},"inLanguage":"de","potentialAction":[{"@type":"ReadAction","target":["https:\/\/test.thelanguageacademy.nl\/de\/geschenkgutschein\/"]}]},{"@type":"BreadcrumbList","@id":"https:\/\/test.thelanguageacademy.nl\/de\/geschenkgutschein\/#breadcrumb","itemListElement":[{"@type":"ListItem","position":1,"name":"Home","item":"https:\/\/test.thelanguageacademy.nl\/de\/"},{"@type":"ListItem","position":2,"name":"Geschenkgutschein"}]},{"@type":"WebSite","@id":"https:\/\/test.thelanguageacademy.nl\/de\/#website","url":"https:\/\/test.thelanguageacademy.nl\/de\/","name":"The Language Academy","description":"elearning","potentialAction":[{"@type":"SearchAction","target":{"@type":"EntryPoint","urlTemplate":"https:\/\/test.thelanguageacademy.nl\/de\/?s={search_term_string}"},"query-input":"required name=search_term_string"}],"inLanguage":"de"}]}},"_links":{"self":[{"href":"https:\/\/test.thelanguageacademy.nl\/de\/wp-json\/wp\/v2\/pages\/2651"}],"collection":[{"href":"https:\/\/test.thelanguageacademy.nl\/de\/wp-json\/wp\/v2\/pages"}],"about":[{"href":"https:\/\/test.thelanguageacademy.nl\/de\/wp-json\/wp\/v2\/types\/page"}],"author":[{"embeddable":true,"href":"https:\/\/test.thelanguageacademy.nl\/de\/wp-json\/wp\/v2\/users\/4"}],"replies":[{"embeddable":true,"href":"https:\/\/test.thelanguageacademy.nl\/de\/wp-json\/wp\/v2\/comments?post=2651"}],"version-history":[{"count":17,"href":"https:\/\/test.thelanguageacademy.nl\/de\/wp-json\/wp\/v2\/pages\/2651\/revisions"}],"predecessor-version":[{"id":4488,"href":"https:\/\/test.thelanguageacademy.nl\/de\/wp-json\/wp\/v2\/pages\/2651\/revisions\/4488"}],"wp:featuredmedia":[{"embeddable":true,"href":"https:\/\/test.thelanguageacademy.nl\/de\/wp-json\/wp\/v2\/media\/2619"}],"wp:attachment":[{"href":"https:\/\/test.thelanguageacademy.nl\/de\/wp-json\/wp\/v2\/media?parent=2651"}],"curies":[{"name":"wp","href":"https:\/\/api.w.org\/{rel}","templated":true}]}}