{"id":1949,"date":"2019-11-25T11:13:11","date_gmt":"2019-11-25T10:13:11","guid":{"rendered":"https:\/\/www.thelanguageacademy.nl\/?page_id=1949"},"modified":"2021-06-16T15:03:58","modified_gmt":"2021-06-16T13:03:58","slug":"faqs","status":"publish","type":"page","link":"https:\/\/test.thelanguageacademy.nl\/de\/kontakt\/faqs\/","title":{"rendered":"FAQs"},"content":{"rendered":"<div class=\"arconix-faq-accordion-wrap\"><div id=\"faq-2479\" class=\"arconix-faq-accordion-title\">Was ist der Unterschied zwischen Standard, Premium und Excellent?<\/div><div id=\"faq-WasistderUnterschiedzwischenStandardPremiumundExcellent\" class=\"arconix-faq-accordion-content\"><p>Der Inhalt der drei Pakete ist derselbe. Sie unterscheiden sich lediglich in der L\u00e4nge des Abonnements. Sie haben jeweils 3, 6 oder 12 Monate Zeit, um den Kurs abzuschlie\u00dfen.<\/p>\n<ul>\n<li>Standard \u2013 3 Monate Zugang zu Ihrem Online-Kurs<\/li>\n<li>Premium \u2013 6 Monate Zugang zu Ihrem Online-Kurs<\/li>\n<li>Excellent \u2013 12 Monate Zugang zu Ihrem Online-Kurs<\/li>\n<\/ul>\n<p>&nbsp;<\/p>\n<\/div><div id=\"faq-1956\" class=\"arconix-faq-accordion-title\">Wann beginnen die Online-Kurse?<\/div><div id=\"faq-WannbeginnendieOnline-Kurse\" class=\"arconix-faq-accordion-content\"><p>Sie k\u00f6nnen jederzeit einen unserer Sprachkurse beginnen. Sobald Sie einen Kurs gekauft haben, beginnt die Nutzungsperiode. Sie k\u00f6nnen ein Paket mit einer Laufzeit \u00fcber 3, 6 oder 12 Monate kaufen.<\/p>\n<\/div><div id=\"faq-1965\" class=\"arconix-faq-accordion-title\">Erhalte ich nach Abschluss meines Kurses ein Zertifikat?<\/div><div id=\"faq-ErhalteichnachAbschlussmeinesKurseseinZertifikat\" class=\"arconix-faq-accordion-content\"><p>Nach Abschluss des Kurses wird Ihnen Ihr Zertifikat per E-Mail zugesendet. Dieses Zertifikat bescheinigt, dass Sie Ihren Kurs abgeschlossen haben.<\/p>\n<p>Sie erhalten Ihr Zertifikat, wenn Sie die folgenden Voraussetzungen erf\u00fcllen:<\/p>\n<ul>\n<li>Sie haben mindestens 9 der 10 Lektionen des Kurses abgeschlossen.<\/li>\n<li>Sie haben Lektion 10 abgeschlossen.<\/li>\n<li>Sie haben f\u00fcr alle \u00dcbungen eine Mindestbewertung von 70\u00a0% erhalten.<\/li>\n<\/ul>\n<p>Auf dem Zertifikat wird das Abschlussniveau des Kurses angegeben. Wenn Sie das Zertifikat f\u00fcr ein bestimmtes Studium, f\u00fcr die Arbeit oder f\u00fcr einen anderen Sprachkurs ben\u00f6tigen, erkundigen Sie sich bitte immer bei Ihrer Schule\/Universit\u00e4t oder Ihrem Arbeitgeber, welche Anforderungen f\u00fcr das Zertifikat gelten.<\/p>\n<\/div><div id=\"faq-1977\" class=\"arconix-faq-accordion-title\">Wie viele Stunden dauert ein Sprachkurs?<\/div><div id=\"faq-WievieleStundendauerteinSprachkurs\" class=\"arconix-faq-accordion-content\"><p>Die Anzahl der Stunden, die Sie f\u00fcr einen Kurs aufwenden, ist individuell verschieden. Im Durchschnitt dauert es 40\u201350 Stunden, um einen Kurs abzuschlie\u00dfen. Sie k\u00f6nnen selbst sehen, wie viele Stunden Sie f\u00fcr Ihren Kurs aufwenden m\u00f6chten und dementsprechend das passende Paket kaufen:<\/p>\n<ul>\n<li><strong>Standard<\/strong> \u2013 3 Monate Zugang zu Ihrem Online-Kurs<\/li>\n<li><strong>Premium <\/strong>\u2013 6 Monate Zugang zu Ihrem Online-Kurs<\/li>\n<li><strong>Excellent<\/strong> \u2013 12 Monate Zugang zu Ihrem Online-Kurs<\/li>\n<\/ul>\n<p>Der Inhalt der drei Pakete ist derselbe, aber Sie haben 3, 6 oder 12 Monate Zeit, um den Kurs abzuschlie\u00dfen.<\/p>\n<\/div><div id=\"faq-1986\" class=\"arconix-faq-accordion-title\">Meine Kursfrist ist abgelaufen, aber ich habe meinen Kurs noch nicht beendet. Was kann ich tun?<\/div><div id=\"faq-MeineKursfrististabgelaufenaberichhabemeinenKursnochnichtbeendetWaskannichtun\" class=\"arconix-faq-accordion-content\"><p>Vor Ablauf der Kursfrist erhalten Sie von uns eine E-Mail mit dem Angebot zur Verl\u00e4ngerung Ihres Kurses. Sie k\u00f6nnen zwischen Verl\u00e4ngerungen von 1, 3, 6 oder 12 Monaten w\u00e4hlen.<\/p>\n<\/div><div id=\"faq-1995\" class=\"arconix-faq-accordion-title\">Brauche ich B\u00fccher f\u00fcr meinen Kurs?<\/div><div id=\"faq-BraucheichBcherfrmeinenKurs\" class=\"arconix-faq-accordion-content\"><p>Die Kurse der The Language Academy finden von A bis Z online statt. Es werden Erkl\u00e4rungen zur Grammatik geboten, Glossare mit \u00dcbersetzungen von W\u00f6rtern, Dialoge und \u00dcbungen. Das hei\u00dft, Sie brauchen keine B\u00fccher.<\/p>\n<\/div><div id=\"faq-2003\" class=\"arconix-faq-accordion-title\">Welches Niveausystem wird bei The Language Academy verwendet?<\/div><div id=\"faq-WelchesNiveausystemwirdbeiTheLanguageAcademyverwendet\" class=\"arconix-faq-accordion-content\"><p>The Language Academy arbeitet mit einem international anerkannten Standard f\u00fcr die Angabe des Sprachniveaus, dem Gemeinsamen europ\u00e4ischen Referenzrahmen. Dank dieses internationalen Standards wissen Sie immer, auf welchem Sprachniveau Sie einen Kurs besuchen. Die Angabe des Niveaus ist auch auf Ihrem Zertifikat vermerkt.<\/p>\n<p><a href=\"https:\/\/www.thelanguageacademy.nl\/de\/sprachniveaus\/\">Hier finden Sie einen \u00dcberblick<\/a> \u00fcber die F\u00e4higkeiten, die von den einzelnen Stufen abgedeckt werden.<\/p>\n<\/div><div id=\"faq-2012\" class=\"arconix-faq-accordion-title\">Woher wei\u00df ich, welches Niveau ich habe?<\/div><div id=\"faq-WoherweiichwelchesNiveauichhabe\" class=\"arconix-faq-accordion-content\"><p>Jeder Kurs hat eine kostenlose Probelektion, die aus der gesamten ersten Lektion dieses Kurses besteht. Probieren Sie die Demoversionen aus und finden Sie schnell und einfach heraus, welches Kursniveau Sie ben\u00f6tigen.<\/p>\n<p><span style=\"color: #800080;\"><a style=\"color: #800080;\" href=\"https:\/\/www.thelanguageacademy.nl\/de\/gratis-ausprobieren\/\">Hier finden Sie eine \u00dcbersicht \u00fcber alle Demoversionen<\/a>.<\/span><\/p>\n<\/div><div id=\"faq-2021\" class=\"arconix-faq-accordion-title\">Eignen sich die Niederl\u00e4ndischkurse f\u00fcr eine Vorbereitung auf die Einb\u00fcrgerungspr\u00fcfung oder das Staatsexamen?<\/div><div id=\"faq-EignensichdieNiederlndischkursefreineVorbereitungaufdieEinbrgerungsprfungoderdasStaatsexamen\" class=\"arconix-faq-accordion-content\"><p>Unsere Niederl\u00e4ndischkurse bereiten Sie nicht speziell auf die Einb\u00fcrgerungspr\u00fcfung oder das Staatsexamen vor. Nat\u00fcrlich k\u00f6nnen Sie unsere Kurse nutzen, um Ihre Kenntnisse der niederl\u00e4ndischen Sprache zu erweitern.<\/p>\n<\/div><div id=\"faq-2030\" class=\"arconix-faq-accordion-title\">Wie kann ich meinen Kurs bezahlen?<\/div><div id=\"faq-WiekannichmeinenKursbezahlen\" class=\"arconix-faq-accordion-content\"><p>Sie k\u00f6nnen den Kurs mit iDEAL, MasterCard, Visa oder mit V PAY bezahlen.<\/p>\n<\/div><div id=\"faq-2039\" class=\"arconix-faq-accordion-title\">Kann ich meinen Niederl\u00e4ndischkurs mit einem DUO-Darlehen bezahlen?<\/div><div id=\"faq-KannichmeinenNiederlndischkursmiteinemDUO-Darlehenbezahlen\" class=\"arconix-faq-accordion-content\"><p>Leider ist es bei The Language Academy nicht m\u00f6glich, Ihren Niederl\u00e4ndischkurs mit einem DUO-\u00adDarlehen zur Einb\u00fcrgerung zu bezahlen.<\/p>\n<\/div><div id=\"faq-2049\" class=\"arconix-faq-accordion-title\">Welche Rabatte bietet die The Language Academy?<\/div><div id=\"faq-WelcheRabattebietetdieTheLanguageAcademy\" class=\"arconix-faq-accordion-content\"><p>The Language Academy wurde von UvA\u00a0Talen entwickelt, dem selbstst\u00e4ndigen Sprachenzentrum der Universiteit van Amsterdam. Sie erhalten daher einen Rabatt, wenn Sie in eine der folgenden Kategorien fallen:<\/p>\n<ul>\n<li>Kursteilnehmer, die bereits einen Kurs bei UvA Talen belegt haben: 25,- \u20ac<\/li>\n<li>Student: 125,- \u20ac auf Paket Standard (3 Monate Zugang)<\/li>\n<li>Student: 15 % Rabatt auf alle andere Kurse<\/li>\n<li>UvA- oder HvA-Mitarbeitender: 15\u00a0%<\/li>\n<li>Mitglied des UvA-Alumni-Vereins AUV: 15\u00a0%<\/li>\n<\/ul>\n<p>Wenn Sie in eine der oben genannten Kategorien fallen,<a href=\"https:\/\/www.thelanguageacademy.nl\/de\/kontakt\/kontaktformular\/\" target=\"_blank\" rel=\"noopener noreferrer\"> kontaktieren<\/a> Sie uns bitte, um einen Rabattcode zu erhalten.<\/p>\n<p>Zus\u00e4tzlich zu den weiter oben aufgef\u00fchrten Rabatten bieten wir f\u00fcr eine Reihe von Unternehmen und bestimmte Veranstaltungen (z.\u00a0B. Messen) Sonderrabatte an. Sind Sie an einer Zusammenarbeit interessiert? Bitte <a href=\"https:\/\/www.thelanguageacademy.nl\/de\/kontakt\/kontaktformular\/\">kontaktieren<\/a> Sie uns.<\/p>\n<\/div><div id=\"faq-2067\" class=\"arconix-faq-accordion-title\">Wird der Unterricht in meiner Muttersprache abgehalten?<\/div><div id=\"faq-WirdderUnterrichtinmeinerMutterspracheabgehalten\" class=\"arconix-faq-accordion-content\"><p>In welcher Unterrichtssprache Sie Ihren Kurs belegen k\u00f6nnen, h\u00e4ngt vom Kurs und vom Niveau ab. Alle Anf\u00e4ngerkurse sind in den Unterrichtssprachen Niederl\u00e4ndisch, Englisch und Spanisch verf\u00fcgbar; einige Anf\u00e4ngerkurse sind auch in Franz\u00f6sisch und Deutsch verf\u00fcgbar. Schauen Sie f\u00fcr den Kurs Ihrer Wahl, in welcher Unterrichtssprache er verf\u00fcgbar ist.<\/p>\n<\/div><div id=\"faq-2077\" class=\"arconix-faq-accordion-title\">Besteht die M\u00f6glichkeit, meinen Kurs mit Konversationsstunden zu kombinieren?<\/div><div id=\"faq-BestehtdieMglichkeitmeinenKursmitKonversationsstundenzukombinieren\" class=\"arconix-faq-accordion-content\"><p>Das ist m\u00f6glich. Zu diesem Zweck haben wir <strong><a href=\"https:\/\/www.thelanguageacademy.nl\/de\/online-teacher\/\">Online+Teacher<\/a><\/strong> entwickelt. Bei Online+Teacher kombinieren Sie Ihren E-Learning-Kurs mit Konversationsstunden bei unseren Sprachlehrern.<\/p>\n<\/div><div id=\"faq-3268\" class=\"arconix-faq-accordion-title\">Was ist bei Online+Teacher inbegriffen?<\/div><div id=\"faq-WasistbeiOnlineTeacherinbegriffen\" class=\"arconix-faq-accordion-content\"><p><a href=\"https:\/\/www.thelanguageacademy.nl\/de\/online-teacher\/\"><strong>Online+Teacher<\/strong><\/a> besteht aus einem E-Learning-Kurs \u00fcber 6 oder 12 Monate in Kombination mit 5 oder 10 Online-Konversationsstunden. Die Lektionen dauern eine Stunde und finden \u00fcber eine digitale Plattform statt. Die Konversationsstunden werden in Absprache mit Ihnen und Ihrem Sprachlehrer geplant.<\/p>\n<\/div><div id=\"faq-2508\" class=\"arconix-faq-accordion-title\">Welcher Browser eignet sich am besten?<\/div><div id=\"faq-WelcherBrowsereignetsichambesten\" class=\"arconix-faq-accordion-content\"><p>Wir empfehlen, einen der folgenden Browser zu verwenden: Chrome, Firefox, Microsoft Edge oder Safari. Diese Browser bieten das beste Nutzererlebnis.<\/p>\n<\/div><div id=\"faq-3270\" class=\"arconix-faq-accordion-title\">Was kann ich bei einem Online+Teacher-Paket von dem Sprachlehrer erwarten?<\/div><div id=\"faq-WaskannichbeieinemOnlineTeacher-PaketvondemSprachlehrererwarten\" class=\"arconix-faq-accordion-content\"><p>Die Online-Konversationseinheiten konzentrieren sich auf Ihre Sprechfertigkeit. Bei niedrigeren Sprachniveaus werden Aussprache, W\u00f6rter und einfache S\u00e4tze ge\u00fcbt, zum Beispiel wie man sich vorstellt. Ab Sprachniveau B1 liegt der Fokus mehr auf Konversation und komplexeren Satzkonstruktionen. Der Sprachlehrer passt die Konversationsstunden speziell an Ihre W\u00fcnsche.<\/p>\n<\/div><div id=\"faq-2090\" class=\"arconix-faq-accordion-title\">Kann ich meinen Kurs \u00fcber ein Tablet\/Smartphone abrufen?<\/div><div id=\"faq-KannichmeinenKursbereinTabletSmartphoneabrufen\" class=\"arconix-faq-accordion-content\"><p>Sie k\u00f6nnen den Kurs \u00fcber Ihr Smartphone abrufen, aber f\u00fcr eine optimale Benutzererfahrung empfehlen wir Ihnen ein Tablet oder einen Computer. Ein Mikrofon auf Ihrem Computer\/Tablet ist n\u00fctzlich, da Sie im Rahmen von verschiedenen \u00dcbungen Ihre Stimme aufnehmen m\u00fcssen.<\/p>\n<\/div><div id=\"faq-2104\" class=\"arconix-faq-accordion-title\">Mein Arbeitgeber bezahlt meinen Kurs. Kann ich den Kurs per Rechnung bezahlen lassen?<\/div><div id=\"faq-MeinArbeitgeberbezahltmeinenKursKannichdenKursperRechnungbezahlenlassen\" class=\"arconix-faq-accordion-content\"><p>Es ist m\u00f6glich, die Rechnung an Ihren Arbeitgeber senden zu lassen. <a href=\"https:\/\/www.thelanguageacademy.nl\/de\/kontakt\/kontaktformular\/\">Bitte kontaktieren Sie uns<\/a>, um diese M\u00f6glichkeit zu besprechen.<\/p>\n<\/div><div id=\"faq-2120\" class=\"arconix-faq-accordion-title\">Bietet The Language Academy Rabatte f\u00fcr Unternehmen an?<\/div><div id=\"faq-BietetTheLanguageAcademyRabattefrUnternehmenan\" class=\"arconix-faq-accordion-content\"><p>M\u00f6chten Sie Ihren Mitarbeitenden die Online-Kurse der The Language Academy anbieten? Das ist m\u00f6glich! F\u00fcr Unternehmen mit 10 oder mehr interessierten Mitarbeitenden k\u00f6nnen wir Rabatte anbieten. <a href=\"https:\/\/www.thelanguageacademy.nl\/de\/kontakt\/kontaktformular\/\">Senden Sie uns eine Nachricht<\/a> und wir werden Sie so schnell wie m\u00f6glich kontaktieren, um die M\u00f6glichkeiten zu besprechen.<\/p>\n<\/div><div id=\"faq-2132\" class=\"arconix-faq-accordion-title\">Kann ich meinen Kurs nach der Anmeldung stornieren?<\/div><div id=\"faq-KannichmeinenKursnachderAnmeldungstornieren\" class=\"arconix-faq-accordion-content\"><p>F\u00fcr unsere Online-Sprachkurset gilt im Prinzip eine gesetzliche Widerrufsfrist von 14\u00a0Tagen ab dem Kaufdatum des Kurses. Wenn Sie diese Widerrufsfrist nutzen m\u00f6chten, geben Sie dies bitte bei der ersten Anmeldung an. Dann erhalten Sie erst nach 2 Wochen Zugang zum Kurs. W\u00e4hrend dieser 2\u00a0Wochen kann der Kurs noch storniert werden, indem Sie eine Nachricht an uns schicken.<br \/>\nSie m\u00f6chten lieber gleich anfangen? Bei der ersten Anmeldung k\u00f6nnen Sie dann angeben, dass Sie auf die gesetzliche Widerrufsfrist verzichten und direkt Zugang erhalten m\u00f6chten.<\/p>\n<\/div><\/div>\n<p>&nbsp;<\/p>\n<p>Haben Sie die Antwort auf Ihre Frage nicht gefunden? Schicken Sie uns eine <a href=\"https:\/\/www.thelanguageacademy.nl\/de\/kontakt\/kontaktformular\/\"><strong>Nachricht<\/strong><\/a>!<\/p>\n<p>&nbsp;<\/p>\n","protected":false},"excerpt":{"rendered":"<p>&nbsp; Haben Sie die Antwort auf Ihre Frage nicht gefunden? Schicken Sie uns eine Nachricht! &nbsp;<\/p>\n","protected":false},"author":4,"featured_media":0,"parent":867,"menu_order":3,"comment_status":"closed","ping_status":"closed","template":"","meta":[],"acf":[],"yoast_head":"<!-- This site is optimized with the Yoast SEO plugin v21.1 - https:\/\/yoast.com\/wordpress\/plugins\/seo\/ -->\n<title>FAQs - The Language Academy<\/title>\n<meta name=\"robots\" content=\"index, follow, max-snippet:-1, max-image-preview:large, max-video-preview:-1\" \/>\n<link rel=\"canonical\" href=\"https:\/\/test.thelanguageacademy.nl\/de\/kontakt\/faqs\/\" \/>\n<meta property=\"og:locale\" content=\"de_DE\" \/>\n<meta property=\"og:type\" content=\"article\" \/>\n<meta property=\"og:title\" content=\"FAQs - The Language Academy\" \/>\n<meta property=\"og:description\" content=\"&nbsp; Haben Sie die Antwort auf Ihre Frage nicht gefunden? Schicken Sie uns eine Nachricht! &nbsp;\" \/>\n<meta property=\"og:url\" content=\"https:\/\/test.thelanguageacademy.nl\/de\/kontakt\/faqs\/\" \/>\n<meta property=\"og:site_name\" content=\"The Language Academy\" \/>\n<meta property=\"article:modified_time\" content=\"2021-06-16T13:03:58+00:00\" \/>\n<meta name=\"twitter:card\" content=\"summary_large_image\" \/>\n<script type=\"application\/ld+json\" class=\"yoast-schema-graph\">{\"@context\":\"https:\/\/schema.org\",\"@graph\":[{\"@type\":\"WebPage\",\"@id\":\"https:\/\/test.thelanguageacademy.nl\/de\/kontakt\/faqs\/\",\"url\":\"https:\/\/test.thelanguageacademy.nl\/de\/kontakt\/faqs\/\",\"name\":\"FAQs - The Language Academy\",\"isPartOf\":{\"@id\":\"https:\/\/test.thelanguageacademy.nl\/de\/#website\"},\"datePublished\":\"2019-11-25T10:13:11+00:00\",\"dateModified\":\"2021-06-16T13:03:58+00:00\",\"breadcrumb\":{\"@id\":\"https:\/\/test.thelanguageacademy.nl\/de\/kontakt\/faqs\/#breadcrumb\"},\"inLanguage\":\"de\",\"potentialAction\":[{\"@type\":\"ReadAction\",\"target\":[\"https:\/\/test.thelanguageacademy.nl\/de\/kontakt\/faqs\/\"]}]},{\"@type\":\"BreadcrumbList\",\"@id\":\"https:\/\/test.thelanguageacademy.nl\/de\/kontakt\/faqs\/#breadcrumb\",\"itemListElement\":[{\"@type\":\"ListItem\",\"position\":1,\"name\":\"Home\",\"item\":\"https:\/\/test.thelanguageacademy.nl\/de\/\"},{\"@type\":\"ListItem\",\"position\":2,\"name\":\"Kontakt\",\"item\":\"https:\/\/test.thelanguageacademy.nl\/de\/kontakt\/\"},{\"@type\":\"ListItem\",\"position\":3,\"name\":\"FAQs\"}]},{\"@type\":\"WebSite\",\"@id\":\"https:\/\/test.thelanguageacademy.nl\/de\/#website\",\"url\":\"https:\/\/test.thelanguageacademy.nl\/de\/\",\"name\":\"The Language Academy\",\"description\":\"elearning\",\"potentialAction\":[{\"@type\":\"SearchAction\",\"target\":{\"@type\":\"EntryPoint\",\"urlTemplate\":\"https:\/\/test.thelanguageacademy.nl\/de\/?s={search_term_string}\"},\"query-input\":\"required name=search_term_string\"}],\"inLanguage\":\"de\"}]}<\/script>\n<!-- \/ Yoast SEO plugin. -->","yoast_head_json":{"title":"FAQs - The Language Academy","robots":{"index":"index","follow":"follow","max-snippet":"max-snippet:-1","max-image-preview":"max-image-preview:large","max-video-preview":"max-video-preview:-1"},"canonical":"https:\/\/test.thelanguageacademy.nl\/de\/kontakt\/faqs\/","og_locale":"de_DE","og_type":"article","og_title":"FAQs - The Language Academy","og_description":"&nbsp; Haben Sie die Antwort auf Ihre Frage nicht gefunden? Schicken Sie uns eine Nachricht! &nbsp;","og_url":"https:\/\/test.thelanguageacademy.nl\/de\/kontakt\/faqs\/","og_site_name":"The Language Academy","article_modified_time":"2021-06-16T13:03:58+00:00","twitter_card":"summary_large_image","schema":{"@context":"https:\/\/schema.org","@graph":[{"@type":"WebPage","@id":"https:\/\/test.thelanguageacademy.nl\/de\/kontakt\/faqs\/","url":"https:\/\/test.thelanguageacademy.nl\/de\/kontakt\/faqs\/","name":"FAQs - The Language Academy","isPartOf":{"@id":"https:\/\/test.thelanguageacademy.nl\/de\/#website"},"datePublished":"2019-11-25T10:13:11+00:00","dateModified":"2021-06-16T13:03:58+00:00","breadcrumb":{"@id":"https:\/\/test.thelanguageacademy.nl\/de\/kontakt\/faqs\/#breadcrumb"},"inLanguage":"de","potentialAction":[{"@type":"ReadAction","target":["https:\/\/test.thelanguageacademy.nl\/de\/kontakt\/faqs\/"]}]},{"@type":"BreadcrumbList","@id":"https:\/\/test.thelanguageacademy.nl\/de\/kontakt\/faqs\/#breadcrumb","itemListElement":[{"@type":"ListItem","position":1,"name":"Home","item":"https:\/\/test.thelanguageacademy.nl\/de\/"},{"@type":"ListItem","position":2,"name":"Kontakt","item":"https:\/\/test.thelanguageacademy.nl\/de\/kontakt\/"},{"@type":"ListItem","position":3,"name":"FAQs"}]},{"@type":"WebSite","@id":"https:\/\/test.thelanguageacademy.nl\/de\/#website","url":"https:\/\/test.thelanguageacademy.nl\/de\/","name":"The Language Academy","description":"elearning","potentialAction":[{"@type":"SearchAction","target":{"@type":"EntryPoint","urlTemplate":"https:\/\/test.thelanguageacademy.nl\/de\/?s={search_term_string}"},"query-input":"required name=search_term_string"}],"inLanguage":"de"}]}},"_links":{"self":[{"href":"https:\/\/test.thelanguageacademy.nl\/de\/wp-json\/wp\/v2\/pages\/1949"}],"collection":[{"href":"https:\/\/test.thelanguageacademy.nl\/de\/wp-json\/wp\/v2\/pages"}],"about":[{"href":"https:\/\/test.thelanguageacademy.nl\/de\/wp-json\/wp\/v2\/types\/page"}],"author":[{"embeddable":true,"href":"https:\/\/test.thelanguageacademy.nl\/de\/wp-json\/wp\/v2\/users\/4"}],"replies":[{"embeddable":true,"href":"https:\/\/test.thelanguageacademy.nl\/de\/wp-json\/wp\/v2\/comments?post=1949"}],"version-history":[{"count":1,"href":"https:\/\/test.thelanguageacademy.nl\/de\/wp-json\/wp\/v2\/pages\/1949\/revisions"}],"predecessor-version":[{"id":2139,"href":"https:\/\/test.thelanguageacademy.nl\/de\/wp-json\/wp\/v2\/pages\/1949\/revisions\/2139"}],"up":[{"embeddable":true,"href":"https:\/\/test.thelanguageacademy.nl\/de\/wp-json\/wp\/v2\/pages\/867"}],"wp:attachment":[{"href":"https:\/\/test.thelanguageacademy.nl\/de\/wp-json\/wp\/v2\/media?parent=1949"}],"curies":[{"name":"wp","href":"https:\/\/api.w.org\/{rel}","templated":true}]}}