{"id":1123,"date":"2018-07-20T23:13:46","date_gmt":"2018-07-20T21:13:46","guid":{"rendered":"https:\/\/www.thelanguageacademy.nl\/?page_id=1123"},"modified":"2018-07-25T11:27:53","modified_gmt":"2018-07-25T09:27:53","slug":"gratis-ausprobieren","status":"publish","type":"page","link":"https:\/\/test.thelanguageacademy.nl\/de\/gratis-ausprobieren\/","title":{"rendered":"Kostenlose Demo"},"content":{"rendered":"<p><strong>Entdecken Sie unsere Online-Sprachkurse mit der kostenlosen Demo.<\/strong><\/p>\n<p>Neugierig, warum The Language Academy die beste L\u00f6sung f\u00fcr Sie ist? Probieren Sie es einfach aus \u2013 nat\u00fcrlich gratis!<\/p>\n<p>Alle Kurse umfassen eine kostenlose Demo, die aus der kompletten ersten Lektion mit vollst\u00e4ndiger Funktionalit\u00e4t besteht:<\/p>\n<ul>\n<li>Schauen Sie sich das Einf\u00fchrungsvideo an und entdecken Sie die dynamische Struktur des Kurses.<\/li>\n<li>Sie haben Zugang zu allen Vokabel-, Grammatik- und Sprach\u00fcbungen und Dialogen.<\/li>\n<li>Pr\u00fcfen Sie Ihr Wissen mit der abschlie\u00dfenden \u00dcbung.<\/li>\n<\/ul>\n<p>Testen Sie den Kurs Ihrer Wahl mit der kostenlosen Demo und wenden Sie die Sprache direkt an.<\/p>\n","protected":false},"excerpt":{"rendered":"<p>Entdecken Sie unsere Online-Sprachkurse mit der kostenlosen Demo. Neugierig, warum The Language Academy die beste L\u00f6sung f\u00fcr Sie ist? Probieren Sie es einfach aus \u2013 nat\u00fcrlich gratis! Alle Kurse umfassen eine kostenlose Demo, die aus der kompletten ersten Lektion mit vollst\u00e4ndiger Funktionalit\u00e4t besteht: Schauen Sie sich das Einf\u00fchrungsvideo an und entdecken Sie die dynamische Struktur [&hellip;]<\/p>\n","protected":false},"author":1,"featured_media":1128,"parent":0,"menu_order":0,"comment_status":"closed","ping_status":"closed","template":"template-demopage.php","meta":[],"acf":[],"yoast_head":"<!-- This site is optimized with the Yoast SEO plugin v21.1 - https:\/\/yoast.com\/wordpress\/plugins\/seo\/ -->\n<title>Kostenlose Demo - Online Sprachkurse - The Language Academy<\/title>\n<meta name=\"description\" content=\"Entdecken Sie unsere Online-Sprachkurse mit der kostenlosen Demo. Neugierig, warum The Language Academy die beste L\u00f6sung f\u00fcr Sie ist? Probieren Sie es einfach aus \u2013 nat\u00fcrlich gratis!\" \/>\n<meta name=\"robots\" content=\"index, follow, max-snippet:-1, max-image-preview:large, max-video-preview:-1\" \/>\n<link rel=\"canonical\" href=\"https:\/\/test.thelanguageacademy.nl\/de\/gratis-ausprobieren\/\" \/>\n<meta property=\"og:locale\" content=\"de_DE\" \/>\n<meta property=\"og:type\" content=\"article\" \/>\n<meta property=\"og:title\" content=\"Kostenlose Demo - Online Sprachkurse - The Language Academy\" \/>\n<meta property=\"og:description\" content=\"Entdecken Sie unsere Online-Sprachkurse mit der kostenlosen Demo. Neugierig, warum The Language Academy die beste L\u00f6sung f\u00fcr Sie ist? Probieren Sie es einfach aus \u2013 nat\u00fcrlich gratis!\" \/>\n<meta property=\"og:url\" content=\"https:\/\/test.thelanguageacademy.nl\/de\/gratis-ausprobieren\/\" \/>\n<meta property=\"og:site_name\" content=\"The Language Academy\" \/>\n<meta property=\"article:modified_time\" content=\"2018-07-25T09:27:53+00:00\" \/>\n<meta property=\"og:image\" content=\"https:\/\/www.thelanguageacademy.nl\/CookieTest\/wp-content\/uploads\/2018\/03\/Anna.fietst.jpg\" \/>\n\t<meta property=\"og:image:width\" content=\"4800\" \/>\n\t<meta property=\"og:image:height\" content=\"2700\" \/>\n\t<meta property=\"og:image:type\" content=\"image\/jpeg\" \/>\n<meta name=\"twitter:card\" content=\"summary_large_image\" \/>\n<meta name=\"twitter:label1\" content=\"Gesch\u00e4tzte Lesezeit\" \/>\n\t<meta name=\"twitter:data1\" content=\"1\u00a0Minute\" \/>\n<script type=\"application\/ld+json\" class=\"yoast-schema-graph\">{\"@context\":\"https:\/\/schema.org\",\"@graph\":[{\"@type\":\"WebPage\",\"@id\":\"https:\/\/test.thelanguageacademy.nl\/de\/gratis-ausprobieren\/\",\"url\":\"https:\/\/test.thelanguageacademy.nl\/de\/gratis-ausprobieren\/\",\"name\":\"Kostenlose Demo - Online Sprachkurse - The Language Academy\",\"isPartOf\":{\"@id\":\"https:\/\/test.thelanguageacademy.nl\/de\/#website\"},\"datePublished\":\"2018-07-20T21:13:46+00:00\",\"dateModified\":\"2018-07-25T09:27:53+00:00\",\"description\":\"Entdecken Sie unsere Online-Sprachkurse mit der kostenlosen Demo. Neugierig, warum The Language Academy die beste L\u00f6sung f\u00fcr Sie ist? Probieren Sie es einfach aus \u2013 nat\u00fcrlich gratis!\",\"breadcrumb\":{\"@id\":\"https:\/\/test.thelanguageacademy.nl\/de\/gratis-ausprobieren\/#breadcrumb\"},\"inLanguage\":\"de\",\"potentialAction\":[{\"@type\":\"ReadAction\",\"target\":[\"https:\/\/test.thelanguageacademy.nl\/de\/gratis-ausprobieren\/\"]}]},{\"@type\":\"BreadcrumbList\",\"@id\":\"https:\/\/test.thelanguageacademy.nl\/de\/gratis-ausprobieren\/#breadcrumb\",\"itemListElement\":[{\"@type\":\"ListItem\",\"position\":1,\"name\":\"Home\",\"item\":\"https:\/\/test.thelanguageacademy.nl\/de\/\"},{\"@type\":\"ListItem\",\"position\":2,\"name\":\"Kostenlose Demo\"}]},{\"@type\":\"WebSite\",\"@id\":\"https:\/\/test.thelanguageacademy.nl\/de\/#website\",\"url\":\"https:\/\/test.thelanguageacademy.nl\/de\/\",\"name\":\"The Language Academy\",\"description\":\"elearning\",\"potentialAction\":[{\"@type\":\"SearchAction\",\"target\":{\"@type\":\"EntryPoint\",\"urlTemplate\":\"https:\/\/test.thelanguageacademy.nl\/de\/?s={search_term_string}\"},\"query-input\":\"required name=search_term_string\"}],\"inLanguage\":\"de\"}]}<\/script>\n<!-- \/ Yoast SEO plugin. -->","yoast_head_json":{"title":"Kostenlose Demo - Online Sprachkurse - The Language Academy","description":"Entdecken Sie unsere Online-Sprachkurse mit der kostenlosen Demo. Neugierig, warum The Language Academy die beste L\u00f6sung f\u00fcr Sie ist? Probieren Sie es einfach aus \u2013 nat\u00fcrlich gratis!","robots":{"index":"index","follow":"follow","max-snippet":"max-snippet:-1","max-image-preview":"max-image-preview:large","max-video-preview":"max-video-preview:-1"},"canonical":"https:\/\/test.thelanguageacademy.nl\/de\/gratis-ausprobieren\/","og_locale":"de_DE","og_type":"article","og_title":"Kostenlose Demo - Online Sprachkurse - The Language Academy","og_description":"Entdecken Sie unsere Online-Sprachkurse mit der kostenlosen Demo. Neugierig, warum The Language Academy die beste L\u00f6sung f\u00fcr Sie ist? Probieren Sie es einfach aus \u2013 nat\u00fcrlich gratis!","og_url":"https:\/\/test.thelanguageacademy.nl\/de\/gratis-ausprobieren\/","og_site_name":"The Language Academy","article_modified_time":"2018-07-25T09:27:53+00:00","og_image":[{"width":4800,"height":2700,"url":"https:\/\/www.thelanguageacademy.nl\/CookieTest\/wp-content\/uploads\/2018\/03\/Anna.fietst.jpg","type":"image\/jpeg"}],"twitter_card":"summary_large_image","twitter_misc":{"Gesch\u00e4tzte Lesezeit":"1\u00a0Minute"},"schema":{"@context":"https:\/\/schema.org","@graph":[{"@type":"WebPage","@id":"https:\/\/test.thelanguageacademy.nl\/de\/gratis-ausprobieren\/","url":"https:\/\/test.thelanguageacademy.nl\/de\/gratis-ausprobieren\/","name":"Kostenlose Demo - Online Sprachkurse - The Language Academy","isPartOf":{"@id":"https:\/\/test.thelanguageacademy.nl\/de\/#website"},"datePublished":"2018-07-20T21:13:46+00:00","dateModified":"2018-07-25T09:27:53+00:00","description":"Entdecken Sie unsere Online-Sprachkurse mit der kostenlosen Demo. Neugierig, warum The Language Academy die beste L\u00f6sung f\u00fcr Sie ist? Probieren Sie es einfach aus \u2013 nat\u00fcrlich gratis!","breadcrumb":{"@id":"https:\/\/test.thelanguageacademy.nl\/de\/gratis-ausprobieren\/#breadcrumb"},"inLanguage":"de","potentialAction":[{"@type":"ReadAction","target":["https:\/\/test.thelanguageacademy.nl\/de\/gratis-ausprobieren\/"]}]},{"@type":"BreadcrumbList","@id":"https:\/\/test.thelanguageacademy.nl\/de\/gratis-ausprobieren\/#breadcrumb","itemListElement":[{"@type":"ListItem","position":1,"name":"Home","item":"https:\/\/test.thelanguageacademy.nl\/de\/"},{"@type":"ListItem","position":2,"name":"Kostenlose Demo"}]},{"@type":"WebSite","@id":"https:\/\/test.thelanguageacademy.nl\/de\/#website","url":"https:\/\/test.thelanguageacademy.nl\/de\/","name":"The Language Academy","description":"elearning","potentialAction":[{"@type":"SearchAction","target":{"@type":"EntryPoint","urlTemplate":"https:\/\/test.thelanguageacademy.nl\/de\/?s={search_term_string}"},"query-input":"required name=search_term_string"}],"inLanguage":"de"}]}},"_links":{"self":[{"href":"https:\/\/test.thelanguageacademy.nl\/de\/wp-json\/wp\/v2\/pages\/1123"}],"collection":[{"href":"https:\/\/test.thelanguageacademy.nl\/de\/wp-json\/wp\/v2\/pages"}],"about":[{"href":"https:\/\/test.thelanguageacademy.nl\/de\/wp-json\/wp\/v2\/types\/page"}],"author":[{"embeddable":true,"href":"https:\/\/test.thelanguageacademy.nl\/de\/wp-json\/wp\/v2\/users\/1"}],"replies":[{"embeddable":true,"href":"https:\/\/test.thelanguageacademy.nl\/de\/wp-json\/wp\/v2\/comments?post=1123"}],"version-history":[{"count":5,"href":"https:\/\/test.thelanguageacademy.nl\/de\/wp-json\/wp\/v2\/pages\/1123\/revisions"}],"predecessor-version":[{"id":1160,"href":"https:\/\/test.thelanguageacademy.nl\/de\/wp-json\/wp\/v2\/pages\/1123\/revisions\/1160"}],"wp:featuredmedia":[{"embeddable":true,"href":"https:\/\/test.thelanguageacademy.nl\/de\/wp-json\/wp\/v2\/media\/1128"}],"wp:attachment":[{"href":"https:\/\/test.thelanguageacademy.nl\/de\/wp-json\/wp\/v2\/media?parent=1123"}],"curies":[{"name":"wp","href":"https:\/\/api.w.org\/{rel}","templated":true}]}}